{"id":101,"date":"2015-06-22T16:39:55","date_gmt":"2015-06-22T15:39:55","guid":{"rendered":"http:\/\/psycho-dumon.be\/?page_id=101"},"modified":"2018-03-10T08:38:15","modified_gmt":"2018-03-10T07:38:15","slug":"formations","status":"publish","type":"page","link":"https:\/\/psycho-dumon.be\/?page_id=101","title":{"rendered":"Formations"},"content":{"rendered":"<p>Des formations sont organis\u00e9es sur demande pour des \u00e9quipes du secteur psycho-m\u00e9dico-social.<\/p>\n<p>&nbsp;<\/p>\n<p>&nbsp;<\/p>\n<p>&nbsp;<\/p>\n","protected":false},"excerpt":{"rendered":"<p>Des formations sont organis\u00e9es sur demande pour des \u00e9quipes du secteur psycho-m\u00e9dico-social. &nbsp; &nbsp; &nbsp;<\/p>\n","protected":false},"author":1,"featured_media":0,"parent":0,"menu_order":0,"comment_status":"closed","ping_status":"open","template":"","meta":[],"_links":{"self":[{"href":"https:\/\/psycho-dumon.be\/index.php?rest_route=\/wp\/v2\/pages\/101"}],"collection":[{"href":"https:\/\/psycho-dumon.be\/index.php?rest_route=\/wp\/v2\/pages"}],"about":[{"href":"https:\/\/psycho-dumon.be\/index.php?rest_route=\/wp\/v2\/types\/page"}],"author":[{"embeddable":true,"href":"https:\/\/psycho-dumon.be\/index.php?rest_route=\/wp\/v2\/users\/1"}],"replies":[{"embeddable":true,"href":"https:\/\/psycho-dumon.be\/index.php?rest_route=%2Fwp%2Fv2%2Fcomments&post=101"}],"version-history":[{"count":4,"href":"https:\/\/psycho-dumon.be\/index.php?rest_route=\/wp\/v2\/pages\/101\/revisions"}],"predecessor-version":[{"id":803,"href":"https:\/\/psycho-dumon.be\/index.php?rest_route=\/wp\/v2\/pages\/101\/revisions\/803"}],"wp:attachment":[{"href":"https:\/\/psycho-dumon.be\/index.php?rest_route=%2Fwp%2Fv2%2Fmedia&parent=101"}],"curies":[{"name":"wp","href":"https:\/\/api.w.org\/{rel}","templated":true}]}}