{"id":108,"date":"2015-06-22T16:50:48","date_gmt":"2015-06-22T15:50:48","guid":{"rendered":"http:\/\/psycho-dumon.be\/?page_id=108"},"modified":"2021-03-12T10:43:28","modified_gmt":"2021-03-12T09:43:28","slug":"therapie-familiale","status":"publish","type":"page","link":"https:\/\/psycho-dumon.be\/?page_id=108","title":{"rendered":"Th\u00e9rapie familiale"},"content":{"rendered":"<p>Le travail d&rsquo;accompagnement ou th\u00e9rapeutique avec les familles (nucl\u00e9aire, \u00e9largie, monoparentale, recomposition familiale, famille d&rsquo;accueil, etc.) commence pr\u00e9f\u00e9rentiellement avec l&rsquo;ensemble des membres de la famille. Ce travail peut ensuite s&rsquo;\u00e9laborer selon diff\u00e9rentes configurations d&rsquo;entretiens qui s&rsquo;\u00e9labore avec l&rsquo;ensemble des membres de la famille.<\/p>\n<p>Un travail d&rsquo;accompagnement ou de th\u00e9rapie familiale est propos\u00e9 pour les situations&nbsp;de:<\/p>\n<p>&#8211; Difficult\u00e9s \u00e9ducationnelles et parentales<\/p>\n<p>&#8211; Rivalit\u00e9s fraternelles et parentales<\/p>\n<p>&#8211; Fragilit\u00e9 d&rsquo;un des membre de la famille&nbsp;( physique, affective, mentale)<\/p>\n<p>&#8211; S\u00e9paration, divorce, maladie, deuil<\/p>\n<p>&#8211; Passages \u00e0 l&rsquo;enfance, l&rsquo;adolescence, l&rsquo;\u00e2ge adulte<\/p>\n<p>&#8211; Changements de vie, recomposition familiale<\/p>\n<p><strong>Cabinet Dumon<\/strong><br \/>\nConsultations d&rsquo;aide&nbsp; \u00e0 Woluwe-Saint-Pierre (<a href=\"http:\/\/psycho-dumon.be\/?page_id=111\">psychologues<\/a>, <a href=\"http:\/\/psycho-dumon.be\/?page_id=113\">logop\u00e8des<\/a>,&#8230;)<br \/>\nRue Fran\u00e7ois Vander Elst, 79<br \/>\n1150 Bruxelles (Woluw\u00e9 Saint-Pierre)<\/p>\n<div  class='avia-button-wrap avia-button-left  avia-builder-el-0  avia-builder-el-no-sibling ' ><a href='https:\/\/psycho-dumon.be\/?page_id=14'  class='avia-button  avia-color-theme-color   avia-icon_select-no avia-size-medium avia-position-left '  target=\"_blank\"  rel=\"noopener noreferrer\"  ><span class='avia_iconbox_title' >Contact et prise de rendez-vous<\/span><\/a><\/div>\n","protected":false},"excerpt":{"rendered":"<p>Le travail d&rsquo;accompagnement ou th\u00e9rapeutique avec les familles (nucl\u00e9aire, \u00e9largie, monoparentale, recomposition familiale, famille d&rsquo;accueil, etc.) commence pr\u00e9f\u00e9rentiellement avec l&rsquo;ensemble des membres de la famille. Ce travail peut ensuite s&rsquo;\u00e9laborer selon diff\u00e9rentes configurations d&rsquo;entretiens qui s&rsquo;\u00e9labore avec l&rsquo;ensemble des membres de la famille. Un travail d&rsquo;accompagnement ou de th\u00e9rapie familiale est propos\u00e9 pour les situations&nbsp;de: [&hellip;]<\/p>\n","protected":false},"author":1,"featured_media":1281,"parent":0,"menu_order":0,"comment_status":"closed","ping_status":"open","template":"","meta":[],"_links":{"self":[{"href":"https:\/\/psycho-dumon.be\/index.php?rest_route=\/wp\/v2\/pages\/108"}],"collection":[{"href":"https:\/\/psycho-dumon.be\/index.php?rest_route=\/wp\/v2\/pages"}],"about":[{"href":"https:\/\/psycho-dumon.be\/index.php?rest_route=\/wp\/v2\/types\/page"}],"author":[{"embeddable":true,"href":"https:\/\/psycho-dumon.be\/index.php?rest_route=\/wp\/v2\/users\/1"}],"replies":[{"embeddable":true,"href":"https:\/\/psycho-dumon.be\/index.php?rest_route=%2Fwp%2Fv2%2Fcomments&post=108"}],"version-history":[{"count":14,"href":"https:\/\/psycho-dumon.be\/index.php?rest_route=\/wp\/v2\/pages\/108\/revisions"}],"predecessor-version":[{"id":1283,"href":"https:\/\/psycho-dumon.be\/index.php?rest_route=\/wp\/v2\/pages\/108\/revisions\/1283"}],"wp:featuredmedia":[{"embeddable":true,"href":"https:\/\/psycho-dumon.be\/index.php?rest_route=\/wp\/v2\/media\/1281"}],"wp:attachment":[{"href":"https:\/\/psycho-dumon.be\/index.php?rest_route=%2Fwp%2Fv2%2Fmedia&parent=108"}],"curies":[{"name":"wp","href":"https:\/\/api.w.org\/{rel}","templated":true}]}}