{"id":1416,"date":"2022-08-10T18:47:59","date_gmt":"2022-08-10T17:47:59","guid":{"rendered":"https:\/\/psycho-dumon.be\/?page_id=1416"},"modified":"2023-06-25T16:30:47","modified_gmt":"2023-06-25T15:30:47","slug":"1416-2","status":"publish","type":"page","link":"https:\/\/psycho-dumon.be\/?page_id=1416","title":{"rendered":"Psychologues 1\u00e8re ligne"},"content":{"rendered":"<section class=\"av_textblock_section \"  itemscope=\"itemscope\" itemtype=\"https:\/\/schema.org\/CreativeWork\" ><div class='avia_textblock  '   itemprop=\"text\" ><h3>Psychologues de premi\u00e8re ligne<\/h3>\n<p>Les consultations de premi\u00e8re ligne sont des consultations \u00e0 moindre co\u00fbt dispens\u00e9es par des psychologues <strong>conventionn\u00e9s<\/strong> par la l&rsquo;INAMI. Ces consultations sont possibles avec certains psychologues pour 8 s\u00e9ances \u00e0 moindre co\u00fbt: 11 euros ou 4 euros pour les personnes VIPO (BIM).<\/p>\n<p>Attention, le nombre de s\u00e9ances est donc limit\u00e9, la suite des s\u00e9ances devant en g\u00e9n\u00e9ral \u00eatre dispens\u00e9e selon le mod\u00e8le habituel: vous payez votre s\u00e9ance, et vous \u00eates rembours\u00e9s en g\u00e9n\u00e9ral partiellement par votre mutuelle.<\/p>\n<p>Il est aussi possible d&rsquo;avoir des consultations sp\u00e9cialis\u00e9es (stress, anxi\u00e9t\u00e9, burn-out, d\u00e9pression,&#8230;) pour un nombre restreint de patients et suivant des modalit\u00e9s sp\u00e9cifiques.<\/p>\n<p>Aussi, chaque psychologue conventionn\u00e9 <em>ne peut recevoir qu&rsquo;un nombre limit\u00e9 de patients par semaine<\/em>. <strong>Assurez-vous donc que le psychologue conventionn\u00e9 a de la place pour ce type de consultations, sinon il vous recevra selon le mod\u00e8le classique avec remboursement mutuel.<\/strong><\/p>\n<p>Psychologue conventionn\u00e9 \u00e0 Psycho-Dumon: Manuel Dupuis (<strong>0486 68 84 46).<\/strong><\/p>\n<p><strong>Cabinet Dumon<\/strong><br \/>\nConsultations d\u2019aide\u00a0 \u00e0 Woluwe-Saint-Pierre<br \/>\nRue Fran\u00e7ois Vander Elst, 79<br \/>\n1150 Bruxelles (Woluw\u00e9 Saint-Pierre)<\/p>\n<\/div><\/section>\n","protected":false},"excerpt":{"rendered":"","protected":false},"author":1,"featured_media":1252,"parent":0,"menu_order":0,"comment_status":"closed","ping_status":"closed","template":"","meta":[],"_links":{"self":[{"href":"https:\/\/psycho-dumon.be\/index.php?rest_route=\/wp\/v2\/pages\/1416"}],"collection":[{"href":"https:\/\/psycho-dumon.be\/index.php?rest_route=\/wp\/v2\/pages"}],"about":[{"href":"https:\/\/psycho-dumon.be\/index.php?rest_route=\/wp\/v2\/types\/page"}],"author":[{"embeddable":true,"href":"https:\/\/psycho-dumon.be\/index.php?rest_route=\/wp\/v2\/users\/1"}],"replies":[{"embeddable":true,"href":"https:\/\/psycho-dumon.be\/index.php?rest_route=%2Fwp%2Fv2%2Fcomments&post=1416"}],"version-history":[{"count":6,"href":"https:\/\/psycho-dumon.be\/index.php?rest_route=\/wp\/v2\/pages\/1416\/revisions"}],"predecessor-version":[{"id":1450,"href":"https:\/\/psycho-dumon.be\/index.php?rest_route=\/wp\/v2\/pages\/1416\/revisions\/1450"}],"wp:featuredmedia":[{"embeddable":true,"href":"https:\/\/psycho-dumon.be\/index.php?rest_route=\/wp\/v2\/media\/1252"}],"wp:attachment":[{"href":"https:\/\/psycho-dumon.be\/index.php?rest_route=%2Fwp%2Fv2%2Fmedia&parent=1416"}],"curies":[{"name":"wp","href":"https:\/\/api.w.org\/{rel}","templated":true}]}}