{"id":1459,"date":"2023-07-15T14:17:25","date_gmt":"2023-07-15T13:17:25","guid":{"rendered":"https:\/\/psycho-dumon.be\/?page_id=1459"},"modified":"2023-07-15T14:23:29","modified_gmt":"2023-07-15T13:23:29","slug":"psychologue-a-domicile","status":"publish","type":"page","link":"https:\/\/psycho-dumon.be\/?page_id=1459","title":{"rendered":"Psychologue \u00e0 domicile"},"content":{"rendered":"\n<p><strong>Psychologue \u00e0 votre domicile<\/strong><\/p>\n\n\n\n<p>Un service de consultations psychologique \u00e0 domicile sur <strong>Woluw\u00e9-Saint-Pierre <\/strong>et <strong>Woluw\u00e9-Saint-Lambert <\/strong>s&rsquo;est d\u00e9velopp\u00e9 pour des personnes ayant des difficult\u00e9s \u00e0 se d\u00e9placer (personnes \u00e0 mobilit\u00e9 r\u00e9duite, personnes \u00e2g\u00e9es,&#8230;).<\/p>\n\n\n\n<p><\/p>\n\n\n\n<p>Veuillez contacter pour renseignement et prises de rendez-vous Manuel Dupuis, psychologue au <strong>0486 68 84 46<\/strong>. Merci de pr\u00e9ciser votre adresse exacte, noms et pr\u00e9nom et num\u00e9ro de registre national, ainsi que votre demande.<\/p>\n\n\n\n<p><\/p>\n","protected":false},"excerpt":{"rendered":"<p>Psychologue \u00e0 votre domicile Un service de consultations psychologique \u00e0 domicile sur Woluw\u00e9-Saint-Pierre et Woluw\u00e9-Saint-Lambert s&rsquo;est d\u00e9velopp\u00e9 pour des personnes ayant des difficult\u00e9s \u00e0 se d\u00e9placer (personnes \u00e0 mobilit\u00e9 r\u00e9duite, personnes \u00e2g\u00e9es,&#8230;). Veuillez contacter pour renseignement et prises de rendez-vous Manuel Dupuis, psychologue au 0486 68 84 46. Merci de pr\u00e9ciser votre adresse exacte, noms [&hellip;]<\/p>\n","protected":false},"author":1,"featured_media":0,"parent":0,"menu_order":0,"comment_status":"closed","ping_status":"closed","template":"","meta":[],"_links":{"self":[{"href":"https:\/\/psycho-dumon.be\/index.php?rest_route=\/wp\/v2\/pages\/1459"}],"collection":[{"href":"https:\/\/psycho-dumon.be\/index.php?rest_route=\/wp\/v2\/pages"}],"about":[{"href":"https:\/\/psycho-dumon.be\/index.php?rest_route=\/wp\/v2\/types\/page"}],"author":[{"embeddable":true,"href":"https:\/\/psycho-dumon.be\/index.php?rest_route=\/wp\/v2\/users\/1"}],"replies":[{"embeddable":true,"href":"https:\/\/psycho-dumon.be\/index.php?rest_route=%2Fwp%2Fv2%2Fcomments&post=1459"}],"version-history":[{"count":3,"href":"https:\/\/psycho-dumon.be\/index.php?rest_route=\/wp\/v2\/pages\/1459\/revisions"}],"predecessor-version":[{"id":1465,"href":"https:\/\/psycho-dumon.be\/index.php?rest_route=\/wp\/v2\/pages\/1459\/revisions\/1465"}],"wp:attachment":[{"href":"https:\/\/psycho-dumon.be\/index.php?rest_route=%2Fwp%2Fv2%2Fmedia&parent=1459"}],"curies":[{"name":"wp","href":"https:\/\/api.w.org\/{rel}","templated":true}]}}