{"id":1499,"date":"2023-11-17T12:24:22","date_gmt":"2023-11-17T11:24:22","guid":{"rendered":"https:\/\/psycho-dumon.be\/?page_id=1499"},"modified":"2025-06-21T17:22:55","modified_gmt":"2025-06-21T16:22:55","slug":"professeur-alex-lefebvre","status":"publish","type":"page","link":"https:\/\/psycho-dumon.be\/?page_id=1499","title":{"rendered":"Professeur Alex Lefebvre"},"content":{"rendered":"\n<figure class=\"wp-block-image is-resized\"><img decoding=\"async\" loading=\"lazy\" src=\"https:\/\/psycho-dumon.be\/wp-content\/uploads\/2023\/11\/Alex-Lefebvre.jpg\" alt=\"\" class=\"wp-image-1500\" width=\"260\" height=\"260\" srcset=\"https:\/\/psycho-dumon.be\/wp-content\/uploads\/2023\/11\/Alex-Lefebvre.jpg 373w, https:\/\/psycho-dumon.be\/wp-content\/uploads\/2023\/11\/Alex-Lefebvre-300x300.jpg 300w, https:\/\/psycho-dumon.be\/wp-content\/uploads\/2023\/11\/Alex-Lefebvre-80x80.jpg 80w, https:\/\/psycho-dumon.be\/wp-content\/uploads\/2023\/11\/Alex-Lefebvre-36x36.jpg 36w, https:\/\/psycho-dumon.be\/wp-content\/uploads\/2023\/11\/Alex-Lefebvre-180x180.jpg 180w\" sizes=\"(max-width: 260px) 100vw, 260px\" \/><\/figure>\n\n\n\n<p><strong>Professeur Alex Lefebvre (ULB)<\/strong>&nbsp;est Docteur en Psychologie et superviseur. Activit\u00e9: superviser des \u00e9quipes du secteur psycho-m\u00e9dico-social (contact: 0475 22 98 71)<\/p>\n\n\n\n<p><\/p>\n\n\n\n<p>Professeur \u00e9m\u00e9rite de Psychologie clinique et de Psychopathologie<strong>,<\/strong>\u00a0a \u00e9t\u00e9 directeur du service de Psychologie clinique et diff\u00e9rentielle, doyen de la Facult\u00e9 des Sciences psychologiques et de l\u2019\u00e9ducation de l\u2019ULB. Il est aussi r\u00e9dacteur en chef de la revue \u00ab\u00a0Cahiers de psychologie clinique\u00a0\u00bb et de la revue fran\u00e7aise Psychologie clinique et projective. Il a marqu\u00e9 une g\u00e9n\u00e9ration d&rsquo;\u00e9tudiants et de professionnels de la sant\u00e9 mentale par ses connaissances pointues en mati\u00e8re de psychologie clinique et psychopathologie. <\/p>\n","protected":false},"excerpt":{"rendered":"<p>Professeur Alex Lefebvre (ULB)&nbsp;est Docteur en Psychologie et superviseur. Activit\u00e9: superviser des \u00e9quipes du secteur psycho-m\u00e9dico-social (contact: 0475 22 98 71) Professeur \u00e9m\u00e9rite de Psychologie clinique et de Psychopathologie,\u00a0a \u00e9t\u00e9 directeur du service de Psychologie clinique et diff\u00e9rentielle, doyen de la Facult\u00e9 des Sciences psychologiques et de l\u2019\u00e9ducation de l\u2019ULB. Il est aussi r\u00e9dacteur en [&hellip;]<\/p>\n","protected":false},"author":1,"featured_media":0,"parent":0,"menu_order":0,"comment_status":"closed","ping_status":"closed","template":"","meta":[],"_links":{"self":[{"href":"https:\/\/psycho-dumon.be\/index.php?rest_route=\/wp\/v2\/pages\/1499"}],"collection":[{"href":"https:\/\/psycho-dumon.be\/index.php?rest_route=\/wp\/v2\/pages"}],"about":[{"href":"https:\/\/psycho-dumon.be\/index.php?rest_route=\/wp\/v2\/types\/page"}],"author":[{"embeddable":true,"href":"https:\/\/psycho-dumon.be\/index.php?rest_route=\/wp\/v2\/users\/1"}],"replies":[{"embeddable":true,"href":"https:\/\/psycho-dumon.be\/index.php?rest_route=%2Fwp%2Fv2%2Fcomments&post=1499"}],"version-history":[{"count":5,"href":"https:\/\/psycho-dumon.be\/index.php?rest_route=\/wp\/v2\/pages\/1499\/revisions"}],"predecessor-version":[{"id":1538,"href":"https:\/\/psycho-dumon.be\/index.php?rest_route=\/wp\/v2\/pages\/1499\/revisions\/1538"}],"wp:attachment":[{"href":"https:\/\/psycho-dumon.be\/index.php?rest_route=%2Fwp%2Fv2%2Fmedia&parent=1499"}],"curies":[{"name":"wp","href":"https:\/\/api.w.org\/{rel}","templated":true}]}}