{"id":27,"date":"2014-11-15T14:19:53","date_gmt":"2014-11-15T13:19:53","guid":{"rendered":"http:\/\/psycho-dumon.be\/?page_id=27"},"modified":"2021-03-16T10:35:27","modified_gmt":"2021-03-16T09:35:27","slug":"psychologues","status":"publish","type":"page","link":"https:\/\/psycho-dumon.be\/?page_id=27","title":{"rendered":"Equipe"},"content":{"rendered":"<p>Notre \u00e9quipe est compos\u00e9e de<\/p>\n<p><a href=\"http:\/\/psycho-dumon.be\/?page_id=111\">&#8211; psychologues et psychoth\u00e9rapeutes<\/a><\/p>\n<p>&#8211; <a title=\"Neuropsychologue\" href=\"http:\/\/psycho-dumon.be\/?page_id=368\" target=\"_blank\" rel=\"noopener\">neuropsychologue<\/a><\/p>\n<p><strong>Cabinet Dumon<\/strong><br \/>\nConsultations d&rsquo;aide\u00a0 \u00e0 Woluwe-Saint-Pierre (<a href=\"http:\/\/psycho-dumon.be\/?page_id=111\">psychologues<\/a>, <a href=\"http:\/\/psycho-dumon.be\/?page_id=113\">logop\u00e8des<\/a>,&#8230;)<br \/>\nRue Fran\u00e7ois Vander Elst, 79<br \/>\n1150 Bruxelles (Woluw\u00e9 Saint-Pierre)<\/p>\n<div  class='avia-button-wrap avia-button-left  avia-builder-el-0  avia-builder-el-no-sibling ' ><a href='https:\/\/psycho-dumon.be\/?page_id=14'  class='avia-button  avia-color-theme-color   avia-icon_select-no avia-size-medium avia-position-left '  target=\"_blank\"  rel=\"noopener noreferrer\"  ><span class='avia_iconbox_title' >Contact et prise de rendez-vous<\/span><\/a><\/div>\n","protected":false},"excerpt":{"rendered":"<p>Notre \u00e9quipe est compos\u00e9e de &#8211; psychologues et psychoth\u00e9rapeutes &#8211; neuropsychologue Cabinet Dumon Consultations d&rsquo;aide\u00a0 \u00e0 Woluwe-Saint-Pierre (psychologues, logop\u00e8des,&#8230;) Rue Fran\u00e7ois Vander Elst, 79 1150 Bruxelles (Woluw\u00e9 Saint-Pierre)<\/p>\n","protected":false},"author":1,"featured_media":0,"parent":0,"menu_order":0,"comment_status":"closed","ping_status":"open","template":"","meta":[],"_links":{"self":[{"href":"https:\/\/psycho-dumon.be\/index.php?rest_route=\/wp\/v2\/pages\/27"}],"collection":[{"href":"https:\/\/psycho-dumon.be\/index.php?rest_route=\/wp\/v2\/pages"}],"about":[{"href":"https:\/\/psycho-dumon.be\/index.php?rest_route=\/wp\/v2\/types\/page"}],"author":[{"embeddable":true,"href":"https:\/\/psycho-dumon.be\/index.php?rest_route=\/wp\/v2\/users\/1"}],"replies":[{"embeddable":true,"href":"https:\/\/psycho-dumon.be\/index.php?rest_route=%2Fwp%2Fv2%2Fcomments&post=27"}],"version-history":[{"count":15,"href":"https:\/\/psycho-dumon.be\/index.php?rest_route=\/wp\/v2\/pages\/27\/revisions"}],"predecessor-version":[{"id":1289,"href":"https:\/\/psycho-dumon.be\/index.php?rest_route=\/wp\/v2\/pages\/27\/revisions\/1289"}],"wp:attachment":[{"href":"https:\/\/psycho-dumon.be\/index.php?rest_route=%2Fwp%2Fv2%2Fmedia&parent=27"}],"curies":[{"name":"wp","href":"https:\/\/api.w.org\/{rel}","templated":true}]}}