{"id":365,"date":"2016-08-22T20:53:52","date_gmt":"2016-08-22T19:53:52","guid":{"rendered":"http:\/\/psycho-dumon.be\/?page_id=365"},"modified":"2019-10-22T18:46:41","modified_gmt":"2019-10-22T17:46:41","slug":"neuropsychologie","status":"publish","type":"page","link":"https:\/\/psycho-dumon.be\/?page_id=365","title":{"rendered":"Neuropsychologie"},"content":{"rendered":"<p>Un membre de votre famille a des probl\u00e8mes de concentration? de m\u00e9moire? d&rsquo;organisation? ou encore d&rsquo;impulsivit\u00e9?<\/p>\n<p>Consultations par<\/p>\n<p><strong>Laura Lamot, psychologue form\u00e9e en neuropsychologie<\/strong>\u00a0: tests et evaluations<\/p>\n<p><strong>Contact<\/strong>:\u00a00473\/397.897 \/<span style=\"color: #000000;\">\u00a0<a style=\"color: #000000;\" href=\"mailto:lamot_laura@yahoo.fr\" target=\"_blank\">lamot_laura@yahoo.fr<\/a>\u00a0<\/span><\/p>\n<p>&nbsp;<\/p>\n<div dir=\"ltr\">Etant titulaire des certificats \u00ab\u00a0intervention aupr\u00e8s des enfants et adolescents \u00e0 hauts potentiels\u00a0\u00bb et \u00ab\u00a0troubles des apprentissages scolaires d&rsquo;approche neuropsychologique et logop\u00e9dique \u00ab\u00a0, je suis en habilet\u00e9 \u00e0 mener des investigations via des bilans intellectuels ( QI, \u00e9preuve de Wechsler) pour tout enfant qui aura besoin d&rsquo; un remboursement pour un suivi logop\u00e9dique ou encore \u00e0 des enfants\/ ados dont on soup\u00e7onne une haute potentialit\u00e9 intellectuelle ( moyennant en plus le recours quelques \u00e9chelles compl\u00e9mentaires sur la composante \u00e9motionnelle, personnalit\u00e9 et sensibilit\u00e9 ).<\/div>\n<div dir=\"ltr\"><\/div>\n<div dir=\"ltr\">PS: Par ce savoir-faire li\u00e9 aux tests de QI, je puis \u00e9galement rep\u00e9rer les \u00e9ventuelles difficult\u00e9s relevant davantage des fonctions ex\u00e9cutives ( planification, inhibition, flexibilit\u00e9) qui favorisent notamment les comportements des troubles TDA\/H.<\/div>\n<p>&nbsp;<\/p>\n<p>&nbsp;<\/p>\n","protected":false},"excerpt":{"rendered":"<p>Un membre de votre famille a des probl\u00e8mes de concentration? de m\u00e9moire? d&rsquo;organisation? ou encore d&rsquo;impulsivit\u00e9? Consultations par Laura Lamot, psychologue form\u00e9e en neuropsychologie\u00a0: tests et evaluations Contact:\u00a00473\/397.897 \/\u00a0lamot_laura@yahoo.fr\u00a0 &nbsp; Etant titulaire des certificats \u00ab\u00a0intervention aupr\u00e8s des enfants et adolescents \u00e0 hauts potentiels\u00a0\u00bb et \u00ab\u00a0troubles des apprentissages scolaires d&rsquo;approche neuropsychologique et logop\u00e9dique \u00ab\u00a0, je suis [&hellip;]<\/p>\n","protected":false},"author":1,"featured_media":0,"parent":0,"menu_order":0,"comment_status":"closed","ping_status":"open","template":"","meta":[],"_links":{"self":[{"href":"https:\/\/psycho-dumon.be\/index.php?rest_route=\/wp\/v2\/pages\/365"}],"collection":[{"href":"https:\/\/psycho-dumon.be\/index.php?rest_route=\/wp\/v2\/pages"}],"about":[{"href":"https:\/\/psycho-dumon.be\/index.php?rest_route=\/wp\/v2\/types\/page"}],"author":[{"embeddable":true,"href":"https:\/\/psycho-dumon.be\/index.php?rest_route=\/wp\/v2\/users\/1"}],"replies":[{"embeddable":true,"href":"https:\/\/psycho-dumon.be\/index.php?rest_route=%2Fwp%2Fv2%2Fcomments&post=365"}],"version-history":[{"count":22,"href":"https:\/\/psycho-dumon.be\/index.php?rest_route=\/wp\/v2\/pages\/365\/revisions"}],"predecessor-version":[{"id":1194,"href":"https:\/\/psycho-dumon.be\/index.php?rest_route=\/wp\/v2\/pages\/365\/revisions\/1194"}],"wp:attachment":[{"href":"https:\/\/psycho-dumon.be\/index.php?rest_route=%2Fwp%2Fv2%2Fmedia&parent=365"}],"curies":[{"name":"wp","href":"https:\/\/api.w.org\/{rel}","templated":true}]}}