{"id":368,"date":"2016-08-22T20:55:24","date_gmt":"2016-08-22T19:55:24","guid":{"rendered":"http:\/\/psycho-dumon.be\/?page_id=368"},"modified":"2019-10-22T18:47:18","modified_gmt":"2019-10-22T17:47:18","slug":"neuropsychologue","status":"publish","type":"page","link":"https:\/\/psycho-dumon.be\/?page_id=368","title":{"rendered":"Neuropsychologue"},"content":{"rendered":"<p><strong>Laura Lamot, psychologue form\u00e9e en neuropsychologie<\/strong>\u00a0: tests et evaluations<\/p>\n<p><strong>Contact<\/strong>:\u00a00473\/397.897 \/\u00a0<a href=\"mailto:lamot_laura@yahoo.fr\" target=\"_blank\">lamot_laura@yahoo.fr<\/a><\/p>\n<div dir=\"ltr\">Etant titulaire des certificats \u00ab\u00a0intervention aupr\u00e8s des enfants et adolescents \u00e0 hauts potentiels\u00a0\u00bb et \u00ab\u00a0troubles des apprentissages scolaires d&rsquo;approche neuropsychologique et logop\u00e9dique \u00ab\u00a0, je suis en habilet\u00e9 \u00e0 mener des investigations via des bilans intellectuels ( QI, \u00e9preuve de Wechsler) pour tout enfant qui aura besoin d&rsquo; un remboursement pour un suivi logop\u00e9dique ou encore \u00e0 des enfants\/ ados dont on soup\u00e7onne une haute potentialit\u00e9 intellectuelle ( moyennant en plus le recours quelques \u00e9chelles compl\u00e9mentaires sur la composante \u00e9motionnelle, personnalit\u00e9 et sensibilit\u00e9 ).<\/div>\n<div dir=\"ltr\"><\/div>\n<div dir=\"ltr\">PS: Par ce savoir-faire li\u00e9 aux tests de QI, je puis \u00e9galement rep\u00e9rer les \u00e9ventuelles difficult\u00e9s relevant davantage des fonctions ex\u00e9cutives ( planification, inhibition, flexibilit\u00e9) qui favorisent notamment les comportements des troubles TDA\/H.<\/div>\n<p><strong>\u00a0<\/strong><\/p>\n","protected":false},"excerpt":{"rendered":"<p>Laura Lamot, psychologue form\u00e9e en neuropsychologie\u00a0: tests et evaluations Contact:\u00a00473\/397.897 \/\u00a0lamot_laura@yahoo.fr Etant titulaire des certificats \u00ab\u00a0intervention aupr\u00e8s des enfants et adolescents \u00e0 hauts potentiels\u00a0\u00bb et \u00ab\u00a0troubles des apprentissages scolaires d&rsquo;approche neuropsychologique et logop\u00e9dique \u00ab\u00a0, je suis en habilet\u00e9 \u00e0 mener des investigations via des bilans intellectuels ( QI, \u00e9preuve de Wechsler) pour tout enfant qui [&hellip;]<\/p>\n","protected":false},"author":1,"featured_media":0,"parent":0,"menu_order":0,"comment_status":"closed","ping_status":"open","template":"","meta":[],"_links":{"self":[{"href":"https:\/\/psycho-dumon.be\/index.php?rest_route=\/wp\/v2\/pages\/368"}],"collection":[{"href":"https:\/\/psycho-dumon.be\/index.php?rest_route=\/wp\/v2\/pages"}],"about":[{"href":"https:\/\/psycho-dumon.be\/index.php?rest_route=\/wp\/v2\/types\/page"}],"author":[{"embeddable":true,"href":"https:\/\/psycho-dumon.be\/index.php?rest_route=\/wp\/v2\/users\/1"}],"replies":[{"embeddable":true,"href":"https:\/\/psycho-dumon.be\/index.php?rest_route=%2Fwp%2Fv2%2Fcomments&post=368"}],"version-history":[{"count":21,"href":"https:\/\/psycho-dumon.be\/index.php?rest_route=\/wp\/v2\/pages\/368\/revisions"}],"predecessor-version":[{"id":985,"href":"https:\/\/psycho-dumon.be\/index.php?rest_route=\/wp\/v2\/pages\/368\/revisions\/985"}],"wp:attachment":[{"href":"https:\/\/psycho-dumon.be\/index.php?rest_route=%2Fwp%2Fv2%2Fmedia&parent=368"}],"curies":[{"name":"wp","href":"https:\/\/api.w.org\/{rel}","templated":true}]}}