{"id":418,"date":"2016-09-13T09:56:02","date_gmt":"2016-09-13T08:56:02","guid":{"rendered":"http:\/\/psycho-dumon.be\/?page_id=418"},"modified":"2023-07-16T09:59:58","modified_gmt":"2023-07-16T08:59:58","slug":"therapie-breve","status":"publish","type":"page","link":"https:\/\/psycho-dumon.be\/?page_id=418","title":{"rendered":"Th\u00e9rapie br\u00e8ve"},"content":{"rendered":"<p><strong>Manuel Dupuis\u00a0<\/strong>0486 68 84 46<\/p>\n<p><strong><em>La th\u00e9rapie br\u00e8ve <\/em><\/strong><\/p>\n<p>Les th\u00e9rapies br\u00e8ves sont des psychoth\u00e9rapies courtes qui permettent de se soulager rapidement d&rsquo;un probl\u00e8me mental ou \u00e9motionnel, d&rsquo;un comportement inadapt\u00e9 et donc de changer. Les th\u00e9rapies br\u00e8ves s\u2019int\u00e9ressent \u00e0 la r\u00e9solution d\u2019un probl\u00e8me et moins \u00e0 sa compr\u00e9hension. \u00a0Centr\u00e9e sur la vie actuelle, l\u2019objectif de la th\u00e9rapie br\u00e8ve orient\u00e9e vers les solutions \u00a0est de vous accompagner dans votre besoin de changement en r\u00e9fl\u00e9chissant ensemble aux solutions possibles et permettre leurs mises en \u0153uvre pour vous rendre autonome le plus rapidement possible. Le travail consiste \u00e9galement \u00e0 aborder les situations avec un autre regard.<\/p>\n<p><strong>\u00a0 <em>Quelles sont les applications des th\u00e9rapies br\u00e8ves?<\/em><\/strong><\/p>\n<p>\u00b7\u00a0\u00a0\u00a0\u00a0\u00a0\u00a0\u00a0\u00a0 Probl\u00e8mes \u00e9motionnels ou de stress (angoisses, stress post-traumatique, phobies, culpabilit\u00e9, agressivit\u00e9, anxi\u00e9t\u00e9, accidents, viols,&#8230;). Que ces probl\u00e8mes soient li\u00e9s \u00e0 des \u00e9v\u00e8nements r\u00e9cents ou non.<\/p>\n<ul>\n<li>D\u00e9pression et manque de confiance en soi<\/li>\n<li>Probl\u00e8mes psychosomatiques (maux de dos, probl\u00e8mes de peau, migraines, insomnies, allergies,&#8230;)<\/li>\n<li>Troubles obsessionnels, conflits int\u00e9rieurs,&#8230;<\/li>\n<li>Probl\u00e8mes relationnels (deuils, s\u00e9parations, divorces,&#8230;)<\/li>\n<li>Troubles du comportement (peur de parler en public, timidit\u00e9,&#8230;)<\/li>\n<li>D\u00e9pendances ou addictions (alcool, tabac, jeu,&#8230;)<\/li>\n<li>etc.<\/li>\n<\/ul>\n<p><strong>Cabinet Dumon<\/strong><br \/>\nConsultations d&rsquo;aide\u00a0 \u00e0 Woluwe-Saint-Pierre (psychologues, logop\u00e8des,&#8230;)<br \/>\nRue Fran\u00e7ois Vander Elst, 79<br \/>\n1150 Bruxelles (Woluw\u00e9 Saint-Pierre)<\/p>\n<div  class='avia-button-wrap avia-button-left  avia-builder-el-0  avia-builder-el-no-sibling ' ><a href='https:\/\/psycho-dumon.be\/?page_id=14'  class='avia-button  avia-color-theme-color   avia-icon_select-no avia-size-medium avia-position-left '  target=\"_blank\"  rel=\"noopener noreferrer\"  ><span class='avia_iconbox_title' >Contact et prise de rendez-vous<\/span><\/a><\/div>\n","protected":false},"excerpt":{"rendered":"<p>Manuel Dupuis\u00a00486 68 84 46 La th\u00e9rapie br\u00e8ve Les th\u00e9rapies br\u00e8ves sont des psychoth\u00e9rapies courtes qui permettent de se soulager rapidement d&rsquo;un probl\u00e8me mental ou \u00e9motionnel, d&rsquo;un comportement inadapt\u00e9 et donc de changer. Les th\u00e9rapies br\u00e8ves s\u2019int\u00e9ressent \u00e0 la r\u00e9solution d\u2019un probl\u00e8me et moins \u00e0 sa compr\u00e9hension. \u00a0Centr\u00e9e sur la vie actuelle, l\u2019objectif de la [&hellip;]<\/p>\n","protected":false},"author":1,"featured_media":1276,"parent":0,"menu_order":0,"comment_status":"closed","ping_status":"open","template":"","meta":[],"_links":{"self":[{"href":"https:\/\/psycho-dumon.be\/index.php?rest_route=\/wp\/v2\/pages\/418"}],"collection":[{"href":"https:\/\/psycho-dumon.be\/index.php?rest_route=\/wp\/v2\/pages"}],"about":[{"href":"https:\/\/psycho-dumon.be\/index.php?rest_route=\/wp\/v2\/types\/page"}],"author":[{"embeddable":true,"href":"https:\/\/psycho-dumon.be\/index.php?rest_route=\/wp\/v2\/users\/1"}],"replies":[{"embeddable":true,"href":"https:\/\/psycho-dumon.be\/index.php?rest_route=%2Fwp%2Fv2%2Fcomments&post=418"}],"version-history":[{"count":7,"href":"https:\/\/psycho-dumon.be\/index.php?rest_route=\/wp\/v2\/pages\/418\/revisions"}],"predecessor-version":[{"id":1473,"href":"https:\/\/psycho-dumon.be\/index.php?rest_route=\/wp\/v2\/pages\/418\/revisions\/1473"}],"wp:featuredmedia":[{"embeddable":true,"href":"https:\/\/psycho-dumon.be\/index.php?rest_route=\/wp\/v2\/media\/1276"}],"wp:attachment":[{"href":"https:\/\/psycho-dumon.be\/index.php?rest_route=%2Fwp%2Fv2%2Fmedia&parent=418"}],"curies":[{"name":"wp","href":"https:\/\/api.w.org\/{rel}","templated":true}]}}