{"id":424,"date":"2016-09-13T10:07:02","date_gmt":"2016-09-13T09:07:02","guid":{"rendered":"http:\/\/psycho-dumon.be\/?page_id=424"},"modified":"2023-07-16T10:29:55","modified_gmt":"2023-07-16T09:29:55","slug":"hypnose","status":"publish","type":"page","link":"https:\/\/psycho-dumon.be\/?page_id=424","title":{"rendered":"Hypnose"},"content":{"rendered":"<p><strong><em>L\u2019hypnose m\u00e9dicale<\/em><\/strong><\/p>\n<p>L\u2019hypnose consiste \u00e0 utiliser un \u00e9tat de conscience modifi\u00e9 pour mettre la personne en contact avec ses propres ressources afin de solutionner ses probl\u00e8mes. Dans un \u00e9tat de conscience particulier, le th\u00e9rapeute utilise des techniques de visualisations afin de favoriser des changements de comportement (tabagisme, phobies, anxi\u00e9t\u00e9, stress,&#8230;). Apres l\u2019entretien pr\u00e9liminaire et la mise au point, le th\u00e9rapeute apporte des informations, des suggestions, des m\u00e9taphores. L&rsquo;hypnose classique favorise des suggestions directes alors que la nouvelle hypnose n\u2019utilise que des suggestions indirectes.<\/p>\n<p><strong><em>Quelles sont les applications de l&rsquo;hypnose?<\/em><\/strong><\/p>\n<ul>\n<li>Phobies: claustrophobie, agoraphobie, phobie sociale, peur des ascenseurs, du train, de l&rsquo;avion, de l&rsquo;eau, etc.<\/li>\n<li>D\u00e9pression, anxi\u00e9t\u00e9, crises de panique, stress, manque de confiance en soi, etc.<\/li>\n<li>Migraines, insomnies, cauchemars, troubles obsessionnels et du comportement, tics et b\u00e9gaiements, etc.<\/li>\n<li>Pr\u00e9paration pr\u00e9op\u00e9ratoire: accouchement , dentisterie, analg\u00e9sie, anesth\u00e9sie, et suites postop\u00e9ratoires, etc.<\/li>\n<li>Lutte contre la douleur: examens m\u00e9dicaux p\u00e9nibles, cancer, grand br\u00fbl\u00e9, etc.<\/li>\n<li>Soutien durant le traitement des maladies graves.<\/li>\n<li>Traumatismes: accident, d\u00e9c\u00e8s, divorces, etc.<\/li>\n<li>Impuissance, vaginisme, frigidit\u00e9, anorgasmie, dysm\u00e9norrh\u00e9e et am\u00e9norrh\u00e9e, st\u00e9rilit\u00e9, \u00e9nur\u00e9sie, r\u00e9tention urinaire, maladies de la peau, exc\u00e8s de poids, boulimie, anorexie, tabagisme, alcoolisme, toxicomanie, etc.<\/li>\n<li>Allergies ponctuelles ou chroniques, asthme, etc.<\/li>\n<\/ul>\n<p><strong><em>Pour qui l&rsquo;Hypnose est-elle contre indiqu\u00e9e?<\/em><\/strong><\/p>\n<ul>\n<li>Schizophr\u00e9nie, \u00e9tat dissoci\u00e9, \u00e9tat de parano\u00efa<\/li>\n<li>D\u00e9g\u00e9n\u00e9rescence c\u00e9r\u00e9brale<\/li>\n<li>Arri\u00e9ration mentale limitant trop l\u2019imaginaire<\/li>\n<\/ul>\n<p><strong>Contact:<\/strong><\/p>\n<p><a href=\"http:\/\/psycho-dumon.be\/?page_id=839\">*<strong>\u00a0Mme Laura Lamot<\/strong>, psychologue clinicienne et psychoth\u00e9rapeute<\/a>,<\/p>\n","protected":false},"excerpt":{"rendered":"<p>L\u2019hypnose m\u00e9dicale L\u2019hypnose consiste \u00e0 utiliser un \u00e9tat de conscience modifi\u00e9 pour mettre la personne en contact avec ses propres ressources afin de solutionner ses probl\u00e8mes. Dans un \u00e9tat de conscience particulier, le th\u00e9rapeute utilise des techniques de visualisations afin de favoriser des changements de comportement (tabagisme, phobies, anxi\u00e9t\u00e9, stress,&#8230;). Apres l\u2019entretien pr\u00e9liminaire et la [&hellip;]<\/p>\n","protected":false},"author":1,"featured_media":0,"parent":0,"menu_order":0,"comment_status":"closed","ping_status":"open","template":"","meta":[],"_links":{"self":[{"href":"https:\/\/psycho-dumon.be\/index.php?rest_route=\/wp\/v2\/pages\/424"}],"collection":[{"href":"https:\/\/psycho-dumon.be\/index.php?rest_route=\/wp\/v2\/pages"}],"about":[{"href":"https:\/\/psycho-dumon.be\/index.php?rest_route=\/wp\/v2\/types\/page"}],"author":[{"embeddable":true,"href":"https:\/\/psycho-dumon.be\/index.php?rest_route=\/wp\/v2\/users\/1"}],"replies":[{"embeddable":true,"href":"https:\/\/psycho-dumon.be\/index.php?rest_route=%2Fwp%2Fv2%2Fcomments&post=424"}],"version-history":[{"count":15,"href":"https:\/\/psycho-dumon.be\/index.php?rest_route=\/wp\/v2\/pages\/424\/revisions"}],"predecessor-version":[{"id":1478,"href":"https:\/\/psycho-dumon.be\/index.php?rest_route=\/wp\/v2\/pages\/424\/revisions\/1478"}],"wp:attachment":[{"href":"https:\/\/psycho-dumon.be\/index.php?rest_route=%2Fwp%2Fv2%2Fmedia&parent=424"}],"curies":[{"name":"wp","href":"https:\/\/api.w.org\/{rel}","templated":true}]}}