{"id":665,"date":"2017-12-12T09:40:38","date_gmt":"2017-12-12T08:40:38","guid":{"rendered":"http:\/\/psycho-dumon.be\/?page_id=665"},"modified":"2025-06-21T17:03:51","modified_gmt":"2025-06-21T16:03:51","slug":"manuel-dupuis-psychologue-clinicien","status":"publish","type":"page","link":"https:\/\/psycho-dumon.be\/?page_id=665","title":{"rendered":"Manuel Dupuis, psychologue clinicien"},"content":{"rendered":"\n<p><\/p>\n\n\n<section class=\"av_textblock_section \"  itemscope=\"itemscope\" itemtype=\"https:\/\/schema.org\/CreativeWork\" ><div class='avia_textblock  '   itemprop=\"text\" ><p><a href=\"http:\/\/psycho-dumon.be\/wp-content\/uploads\/2017\/12\/Manuel-Dupuis-psychologue.jpg\"><img decoding=\"async\" loading=\"lazy\" class=\"alignnone wp-image-666\" src=\"http:\/\/psycho-dumon.be\/wp-content\/uploads\/2017\/12\/Manuel-Dupuis-psychologue-198x300.jpg\" alt=\"Manuel Dupuis psychologue \u00e0 Woluw\u00e9-Saint-Pierre\" width=\"233\" height=\"352\" srcset=\"https:\/\/psycho-dumon.be\/wp-content\/uploads\/2017\/12\/Manuel-Dupuis-psychologue-198x300.jpg 198w, https:\/\/psycho-dumon.be\/wp-content\/uploads\/2017\/12\/Manuel-Dupuis-psychologue-99x150.jpg 99w, https:\/\/psycho-dumon.be\/wp-content\/uploads\/2017\/12\/Manuel-Dupuis-psychologue.jpg 430w\" sizes=\"(max-width: 233px) 100vw, 233px\" \/><\/a><\/p>\n<p><strong>\u00a0Public principal<\/strong>:\u00a0<em>adultes, adolescents (fran\u00e7ais\/anglais)<\/em><\/p>\n<p>Contact:\u00a0<strong>0486 68 84 46<\/strong><\/p>\n<p><strong>Manuel Dupuis<\/strong>\u00a0est<strong>\u00a0psychologue agr\u00e9\u00e9<\/strong> depuis 2002 (Universit\u00e9 Libre de Bruxelles) et re\u00e7oit en consultation des <strong>adultes\u00a0<\/strong> et des <strong>enfants<\/strong> ( \u00e0 partir de 10 ans).<\/p>\n<p>Depuis 2002 Il est actif dans le secteur de la sant\u00e9 mentale en tant que <strong>psychologue clinicien et psychoth\u00e9rapeute<\/strong> (CHU Brugmann, Centre de jour l&rsquo;Or\u00e9e, Psycho-Dumon&#8230;). Il exerce \u00e9galement une activit\u00e9 soutenue dans la<strong> psychologie du sport<\/strong> et le<strong> coaching<\/strong> (Psychosport asbl, clubs, f\u00e9d\u00e9s), secteur dans lequel il a d&rsquo;ailleurs d\u00e9velopp\u00e9 une expertise. \u00a0Il a aussi enseign\u00e9 une dizaine d&rsquo;ann\u00e9e pour l&rsquo;Universit\u00e9 Libre de Bruxelles autour des questions de sant\u00e9 mentale pour des m\u00e9decins g\u00e9n\u00e9ralistes et est actuellement charg\u00e9 d&rsquo;exercice \u00e0 la Facult\u00e9 de Psychologie de l&rsquo;<strong>ULB<\/strong>. A Psycho-Dumon, il re\u00e7oit en consultation des personnes confront\u00e9es \u00e0 une vari\u00e9t\u00e9 de probl\u00e8mes, comme le stress, l&rsquo;anxi\u00e9t\u00e9, le burn-out, les affects d\u00e9pressifs, les probl\u00e8mes de d\u00e9pendances, des difficult\u00e9s familiales&#8230; Il est \u00e9galement <strong>psychologue de premi\u00e8re ligne<\/strong>.<\/p>\n<p>Il est form\u00e9 de mani\u00e8re continue aux outils psychoth\u00e9rapeutiques, et la<strong> supervision de professionnels <\/strong>de la sant\u00e9 mentale (Chapelle-aux-champs\u00a0UCL)<strong>. <\/strong>Depuis un certificat en addictologie obtenu \u00e0 l&rsquo;Universit\u00e9 de Montr\u00e9al en 2004, il a d\u00e9velopp\u00e9 une <strong>approche int\u00e9grative<\/strong> (cognitivo-comportementale\/psychanalyse\/techniques psycho-corporelles : sophrologie, hypnose, m\u00e9ditation, <a href=\"https:\/\/psycho-dumon.be\/?page_id=1475\">EMDR<\/a>).<\/p>\n<p>Site: <a href=\"https:\/\/manueldupuis.be\/\">https:\/\/manueldupuis.be\/<\/a><\/p>\n<p><a href=\"http:\/\/psycho-dumon.be\/wp-content\/uploads\/2017\/12\/Manuel-Dupuis-psychologue-et-Marc-Decuyper-m\u00e9decin-psychoth\u00e9rapeute.jpg\"><img decoding=\"async\" loading=\"lazy\" class=\"wp-image-670 size-medium\" src=\"http:\/\/psycho-dumon.be\/wp-content\/uploads\/2017\/12\/Manuel-Dupuis-psychologue-et-Marc-Decuyper-m\u00e9decin-psychoth\u00e9rapeute-225x300.jpg\" alt=\"Manuel Dupuis psychologue et Marc Decuyper m\u00e9decin psychoth\u00e9rapeute\" width=\"225\" height=\"300\" srcset=\"https:\/\/psycho-dumon.be\/wp-content\/uploads\/2017\/12\/Manuel-Dupuis-psychologue-et-Marc-Decuyper-m\u00e9decin-psychoth\u00e9rapeute-225x300.jpg 225w, https:\/\/psycho-dumon.be\/wp-content\/uploads\/2017\/12\/Manuel-Dupuis-psychologue-et-Marc-Decuyper-m\u00e9decin-psychoth\u00e9rapeute-112x150.jpg 112w, https:\/\/psycho-dumon.be\/wp-content\/uploads\/2017\/12\/Manuel-Dupuis-psychologue-et-Marc-Decuyper-m\u00e9decin-psychoth\u00e9rapeute.jpg 540w\" sizes=\"(max-width: 225px) 100vw, 225px\" \/><\/a><\/p>\n<div><img alt=\"\" \/><\/div>\n<div><\/div>\n<\/div><\/section>\n","protected":false},"excerpt":{"rendered":"<p>Manuel Dupuis est psychologue clinicien et psychoth\u00e9rapeute \u00e0 Woluw\u00e9-Saint-Pierre, au Cabinet Psycho-Dumon. Il est aussi psychologie clinicien de premi\u00e8re ligne (remboursement INAMI) et psychologue du sport<\/p>\n","protected":false},"author":1,"featured_media":0,"parent":0,"menu_order":0,"comment_status":"closed","ping_status":"open","template":"","meta":[],"_links":{"self":[{"href":"https:\/\/psycho-dumon.be\/index.php?rest_route=\/wp\/v2\/pages\/665"}],"collection":[{"href":"https:\/\/psycho-dumon.be\/index.php?rest_route=\/wp\/v2\/pages"}],"about":[{"href":"https:\/\/psycho-dumon.be\/index.php?rest_route=\/wp\/v2\/types\/page"}],"author":[{"embeddable":true,"href":"https:\/\/psycho-dumon.be\/index.php?rest_route=\/wp\/v2\/users\/1"}],"replies":[{"embeddable":true,"href":"https:\/\/psycho-dumon.be\/index.php?rest_route=%2Fwp%2Fv2%2Fcomments&post=665"}],"version-history":[{"count":79,"href":"https:\/\/psycho-dumon.be\/index.php?rest_route=\/wp\/v2\/pages\/665\/revisions"}],"predecessor-version":[{"id":1529,"href":"https:\/\/psycho-dumon.be\/index.php?rest_route=\/wp\/v2\/pages\/665\/revisions\/1529"}],"wp:attachment":[{"href":"https:\/\/psycho-dumon.be\/index.php?rest_route=%2Fwp%2Fv2%2Fmedia&parent=665"}],"curies":[{"name":"wp","href":"https:\/\/api.w.org\/{rel}","templated":true}]}}