{"id":8,"date":"2014-11-15T14:08:29","date_gmt":"2014-11-15T13:08:29","guid":{"rendered":"http:\/\/psycho-dumon.be\/?page_id=8"},"modified":"2025-06-21T17:34:19","modified_gmt":"2025-06-21T16:34:19","slug":"accueil","status":"publish","type":"page","link":"https:\/\/psycho-dumon.be\/","title":{"rendered":"Accueil"},"content":{"rendered":"<section class=\"av_textblock_section \"  itemscope=\"itemscope\" itemtype=\"https:\/\/schema.org\/CreativeWork\" ><div class='avia_textblock  '   itemprop=\"text\" ><p>Bienvenue sur le site de Psycho-Dumon, cabinet param\u00e9dical situ\u00e9 \u00e0 <strong>Woluwe-Saint-Pierre<\/strong>, \u00e0 la lisi\u00e8re de Kraainem, pr\u00e8s de la place Dumon.<\/p>\n<p>Notre association est compos\u00e9e de <strong>psychologues cliniciens, psychoth\u00e9rapeutes, et neuropsychologue<\/strong>.<\/p>\n<p>Notre \u00e9quipe fournit un espace d&rsquo;aides psychologiques :<\/p>\n<ul>\n<li style=\"list-style-type: none\">\n<ul>\n<li><a href=\"http:\/\/psycho-dumon.be\/?page_id=84\">Consultations psychologiques pour adultes<\/a>, pour <a href=\"http:\/\/psycho-dumon.be\/?page_id=86\">enfants<\/a><\/li>\n<li><a title=\"Psychoth\u00e9rapie adulte\" href=\"http:\/\/psycho-dumon.be\/?page_id=462\" target=\"_blank\" rel=\"noopener\">Psychoth\u00e9rapies\u00a0 individuelles adultes<\/a>,\u00a0<a href=\"http:\/\/psycho-dumon.be\/?page_id=818\">psychoth\u00e9rapie pour enfants<\/a>,<\/li>\n<li><a href=\"https:\/\/psycho-dumon.be\/?page_id=1475\">EMDR<\/a>,\u00a0 <a href=\"http:\/\/psycho-dumon.be\/?page_id=20\">M\u00e9ditation mindfullness, sophrologie<\/a><a href=\"http:\/\/psycho-dumon.be\/?page_id=424\">, hypnose, <\/a><a href=\"https:\/\/psycho-dumon.be\/?page_id=418\">th\u00e9rapie br\u00e8ve<\/a><\/li>\n<li><a href=\"http:\/\/psycho-dumon.be\/?page_id=88\">Th\u00e9rapie de couples, <\/a><a href=\"https:\/\/psycho-dumon.be\/?page_id=108\">Th\u00e9rapies familiales<\/a><\/li>\n<li><a title=\"Neuropsychologie\" href=\"http:\/\/psycho-dumon.be\/?page_id=365\" target=\"_blank\" rel=\"noopener\">Neuropsychologie<\/a> pour enfants et adultes<\/li>\n<li><a title=\"Supervision\" href=\"http:\/\/psycho-dumon.be\/?page_id=96\" target=\"_blank\" rel=\"noopener\">Supervisions de professionnels du secteur psycho-m\u00e9dico-social<\/a><\/li>\n<li><a href=\"https:\/\/psycho-dumon.be\/?page_id=1416\">Consultations psychologiques de premi\u00e8res ligne<\/a><\/li>\n<\/ul>\n<\/li>\n<\/ul>\n<\/div><\/section>\n<div  class='avia-button-wrap avia-button-left  avia-builder-el-1  el_after_av_textblock  avia-builder-el-last ' ><a href='https:\/\/psycho-dumon.be\/?page_id=14'  class='avia-button  avia-color-theme-color   avia-icon_select-no avia-size-medium avia-position-left '  target=\"_blank\"  rel=\"noopener noreferrer\"  ><span class='avia_iconbox_title' >Contact et prise de rendez-vous<\/span><\/a><\/div>\n","protected":false},"excerpt":{"rendered":"","protected":false},"author":1,"featured_media":1248,"parent":0,"menu_order":0,"comment_status":"closed","ping_status":"open","template":"","meta":[],"_links":{"self":[{"href":"https:\/\/psycho-dumon.be\/index.php?rest_route=\/wp\/v2\/pages\/8"}],"collection":[{"href":"https:\/\/psycho-dumon.be\/index.php?rest_route=\/wp\/v2\/pages"}],"about":[{"href":"https:\/\/psycho-dumon.be\/index.php?rest_route=\/wp\/v2\/types\/page"}],"author":[{"embeddable":true,"href":"https:\/\/psycho-dumon.be\/index.php?rest_route=\/wp\/v2\/users\/1"}],"replies":[{"embeddable":true,"href":"https:\/\/psycho-dumon.be\/index.php?rest_route=%2Fwp%2Fv2%2Fcomments&post=8"}],"version-history":[{"count":107,"href":"https:\/\/psycho-dumon.be\/index.php?rest_route=\/wp\/v2\/pages\/8\/revisions"}],"predecessor-version":[{"id":1545,"href":"https:\/\/psycho-dumon.be\/index.php?rest_route=\/wp\/v2\/pages\/8\/revisions\/1545"}],"wp:featuredmedia":[{"embeddable":true,"href":"https:\/\/psycho-dumon.be\/index.php?rest_route=\/wp\/v2\/media\/1248"}],"wp:attachment":[{"href":"https:\/\/psycho-dumon.be\/index.php?rest_route=%2Fwp%2Fv2%2Fmedia&parent=8"}],"curies":[{"name":"wp","href":"https:\/\/api.w.org\/{rel}","templated":true}]}}