{"id":81,"date":"2015-06-22T16:24:10","date_gmt":"2015-06-22T15:24:10","guid":{"rendered":"http:\/\/psycho-dumon.be\/?page_id=81"},"modified":"2021-03-11T22:40:42","modified_gmt":"2021-03-11T21:40:42","slug":"consultations","status":"publish","type":"page","link":"https:\/\/psycho-dumon.be\/?page_id=81","title":{"rendered":"Consultations"},"content":{"rendered":"<ul>\n<li><a href=\"http:\/\/psycho-dumon.be\/?page_id=84\">Consultations psychologiques pour adultes<\/a>, pour&nbsp;<a href=\"http:\/\/psycho-dumon.be\/?page_id=86\">enfants<\/a>, et pour&nbsp;<a href=\"http:\/\/psycho-dumon.be\/?page_id=824\">adolescents<\/a><\/li>\n<li><a title=\"Psychoth\u00e9rapie adulte\" href=\"http:\/\/psycho-dumon.be\/?page_id=462\" target=\"_blank\" rel=\"noopener\">Psychoth\u00e9rapies&nbsp;&nbsp; individuelles adultes<\/a>,&nbsp;<a href=\"http:\/\/psycho-dumon.be\/?page_id=818\">psychoth\u00e9rapie pour enfants<\/a>,&nbsp;&nbsp;<a href=\"http:\/\/psycho-dumon.be\/?page_id=88\">th\u00e9rapie de&nbsp;couples<\/a>&nbsp;et de<a href=\"http:\/\/psycho-dumon.be\/?page_id=108\">&nbsp;famille<\/a><\/li>\n<li><a title=\"Logop\u00e9die \" href=\"http:\/\/psycho-dumon.be\/?page_id=90\" target=\"_blank\" rel=\"noopener\">Logop\u00e9die<\/a>&nbsp;pour enfants et adultes par des<a href=\"http:\/\/psycho-dumon.be\/?page_id=111\">&nbsp;logop\u00e8des sp\u00e9cialis\u00e9s<\/a><\/li>\n<li><a title=\"Neuropsychologie\" href=\"http:\/\/psycho-dumon.be\/?page_id=365\" target=\"_blank\" rel=\"noopener\">Neuropsychologie<\/a>&nbsp;pour enfants et adultes (bilan cognitif, \u00e9valuation intellectuelle,\u2026)<\/li>\n<li><a href=\"http:\/\/psycho-dumon.be\/?page_id=643\">Coaching<\/a>,&nbsp;<a href=\"http:\/\/psycho-dumon.be\/?page_id=418\">th\u00e9rapie br\u00e8ve<\/a><\/li>\n<li><a href=\"http:\/\/psycho-dumon.be\/?page_id=20\">M\u00e9ditation&nbsp;mindfullness, sophrologie<\/a><a href=\"http:\/\/psycho-dumon.be\/?page_id=424\">, hypnose<\/a><\/li>\n<\/ul>\n<div  class='avia-button-wrap avia-button-left  avia-builder-el-0  avia-builder-el-no-sibling ' ><a href='https:\/\/psycho-dumon.be\/?page_id=14'  class='avia-button  avia-color-theme-color   avia-icon_select-no avia-size-medium avia-position-left '  target=\"_blank\"  rel=\"noopener noreferrer\"  ><span class='avia_iconbox_title' >Contact et prise de rendez-vous<\/span><\/a><\/div>\n","protected":false},"excerpt":{"rendered":"<p>Consultations psychologiques pour adultes, pour&nbsp;enfants, et pour&nbsp;adolescents Psychoth\u00e9rapies&nbsp;&nbsp; individuelles adultes,&nbsp;psychoth\u00e9rapie pour enfants,&nbsp;&nbsp;th\u00e9rapie de&nbsp;couples&nbsp;et de&nbsp;famille Logop\u00e9die&nbsp;pour enfants et adultes par des&nbsp;logop\u00e8des sp\u00e9cialis\u00e9s Neuropsychologie&nbsp;pour enfants et adultes (bilan cognitif, \u00e9valuation intellectuelle,\u2026) Coaching,&nbsp;th\u00e9rapie br\u00e8ve M\u00e9ditation&nbsp;mindfullness, sophrologie, hypnose<\/p>\n","protected":false},"author":1,"featured_media":1261,"parent":0,"menu_order":0,"comment_status":"closed","ping_status":"open","template":"","meta":[],"_links":{"self":[{"href":"https:\/\/psycho-dumon.be\/index.php?rest_route=\/wp\/v2\/pages\/81"}],"collection":[{"href":"https:\/\/psycho-dumon.be\/index.php?rest_route=\/wp\/v2\/pages"}],"about":[{"href":"https:\/\/psycho-dumon.be\/index.php?rest_route=\/wp\/v2\/types\/page"}],"author":[{"embeddable":true,"href":"https:\/\/psycho-dumon.be\/index.php?rest_route=\/wp\/v2\/users\/1"}],"replies":[{"embeddable":true,"href":"https:\/\/psycho-dumon.be\/index.php?rest_route=%2Fwp%2Fv2%2Fcomments&post=81"}],"version-history":[{"count":22,"href":"https:\/\/psycho-dumon.be\/index.php?rest_route=\/wp\/v2\/pages\/81\/revisions"}],"predecessor-version":[{"id":1250,"href":"https:\/\/psycho-dumon.be\/index.php?rest_route=\/wp\/v2\/pages\/81\/revisions\/1250"}],"wp:featuredmedia":[{"embeddable":true,"href":"https:\/\/psycho-dumon.be\/index.php?rest_route=\/wp\/v2\/media\/1261"}],"wp:attachment":[{"href":"https:\/\/psycho-dumon.be\/index.php?rest_route=%2Fwp%2Fv2%2Fmedia&parent=81"}],"curies":[{"name":"wp","href":"https:\/\/api.w.org\/{rel}","templated":true}]}}