{"id":814,"date":"2018-05-08T19:48:15","date_gmt":"2018-05-08T18:48:15","guid":{"rendered":"http:\/\/psycho-dumon.be\/?page_id=814"},"modified":"2023-07-16T10:00:32","modified_gmt":"2023-07-16T09:00:32","slug":"psychotherapie-2","status":"publish","type":"page","link":"https:\/\/psycho-dumon.be\/?page_id=814","title":{"rendered":"Psychoth\u00e9rapie"},"content":{"rendered":"<p>Diverses psychoth\u00e9rapies sont possibles:<\/p>\n<p>&#8211; <a href=\"http:\/\/psycho-dumon.be\/?page_id=462\">Psychoth\u00e9rapie pour adultes<\/a><\/p>\n<p>&#8211; <a href=\"http:\/\/psycho-dumon.be\/?page_id=88\">Th\u00e9rapie de couple<\/a><\/p>\n<p>&#8211; <a href=\"http:\/\/psycho-dumon.be\/?page_id=108\">Th\u00e9rapie familiale<\/a><\/p>\n<p>&#8211; <a href=\"http:\/\/psycho-dumon.be\/?page_id=818\">Psychoth\u00e9rapie pour enfants<\/a><\/p>\n<h4><strong>Psychologues:\u00a0<\/strong><\/h4>\n<p><a href=\"http:\/\/psycho-dumon.be\/?page_id=839\">Laura Lamot, psychologue clinicienne et psychoth\u00e9rapeute<\/a><\/p>\n<p><a title=\"Manuel Dupuis psychologue et psychoth\u00e9rapeute\" href=\"http:\/\/psycho-dumon.be\/?page_id=665\">Manuel Dupuis, psychologue clinicien et psychoth\u00e9rapeute<\/a><\/p>\n<p><a href=\"http:\/\/psycho-dumon.be\/?page_id=708\">Tamara Knecht, psychologue clinicienne et psychoth\u00e9rapeute<\/a><\/p>\n<p><strong>Cabinet Dumon<\/strong><br \/>\nConsultations d&rsquo;aide\u00a0 \u00e0 Woluwe-Saint-Pierre (psychologues, logop\u00e8des,&#8230;)<br \/>\nRue Fran\u00e7ois Vander Elst, 79<br \/>\n1150 Bruxelles (Woluw\u00e9 Saint-Pierre)<\/p>\n<div  class='avia-button-wrap avia-button-left  avia-builder-el-0  avia-builder-el-no-sibling ' ><a href='https:\/\/psycho-dumon.be\/?page_id=14'  class='avia-button  avia-color-theme-color   avia-icon_select-no avia-size-medium avia-position-left '  target=\"_blank\"  rel=\"noopener noreferrer\"  ><span class='avia_iconbox_title' >Contact et prise de rendez-vous<\/span><\/a><\/div>\n","protected":false},"excerpt":{"rendered":"<p>Diverses psychoth\u00e9rapies sont possibles: &#8211; Psychoth\u00e9rapie pour adultes &#8211; Th\u00e9rapie de couple &#8211; Th\u00e9rapie familiale &#8211; Psychoth\u00e9rapie pour enfants Psychologues:\u00a0 Laura Lamot, psychologue clinicienne et psychoth\u00e9rapeute Manuel Dupuis, psychologue clinicien et psychoth\u00e9rapeute Tamara Knecht, psychologue clinicienne et psychoth\u00e9rapeute Cabinet Dumon Consultations d&rsquo;aide\u00a0 \u00e0 Woluwe-Saint-Pierre (psychologues, logop\u00e8des,&#8230;) Rue Fran\u00e7ois Vander Elst, 79 1150 Bruxelles (Woluw\u00e9 Saint-Pierre)<\/p>\n","protected":false},"author":1,"featured_media":1266,"parent":0,"menu_order":0,"comment_status":"closed","ping_status":"open","template":"","meta":[],"_links":{"self":[{"href":"https:\/\/psycho-dumon.be\/index.php?rest_route=\/wp\/v2\/pages\/814"}],"collection":[{"href":"https:\/\/psycho-dumon.be\/index.php?rest_route=\/wp\/v2\/pages"}],"about":[{"href":"https:\/\/psycho-dumon.be\/index.php?rest_route=\/wp\/v2\/types\/page"}],"author":[{"embeddable":true,"href":"https:\/\/psycho-dumon.be\/index.php?rest_route=\/wp\/v2\/users\/1"}],"replies":[{"embeddable":true,"href":"https:\/\/psycho-dumon.be\/index.php?rest_route=%2Fwp%2Fv2%2Fcomments&post=814"}],"version-history":[{"count":8,"href":"https:\/\/psycho-dumon.be\/index.php?rest_route=\/wp\/v2\/pages\/814\/revisions"}],"predecessor-version":[{"id":1474,"href":"https:\/\/psycho-dumon.be\/index.php?rest_route=\/wp\/v2\/pages\/814\/revisions\/1474"}],"wp:featuredmedia":[{"embeddable":true,"href":"https:\/\/psycho-dumon.be\/index.php?rest_route=\/wp\/v2\/media\/1266"}],"wp:attachment":[{"href":"https:\/\/psycho-dumon.be\/index.php?rest_route=%2Fwp%2Fv2%2Fmedia&parent=814"}],"curies":[{"name":"wp","href":"https:\/\/api.w.org\/{rel}","templated":true}]}}