{"id":818,"date":"2018-05-08T19:57:55","date_gmt":"2018-05-08T18:57:55","guid":{"rendered":"http:\/\/psycho-dumon.be\/?page_id=818"},"modified":"2021-08-10T15:11:52","modified_gmt":"2021-08-10T14:11:52","slug":"psychotherapie-enfant","status":"publish","type":"page","link":"https:\/\/psycho-dumon.be\/?page_id=818","title":{"rendered":"Psychoth\u00e9rapie enfant"},"content":{"rendered":"<p>Th\u00e9rapie pour enfants et adolescents par un psychologue sp\u00e9cialis\u00e9<\/p>\n<p>Contact:\u00a0\u2013\u00a0<strong>Mme Laura Lamot,<\/strong>\u00a0<strong>psychologue clincienne et psychoth\u00e9rapeute<\/strong>:\u00a0<i>0473\/397.897<\/i><\/p>\n<p>Accompagnement des enfants et adolescents confront\u00e9s \u00e0 des multiples difficult\u00e9s\u00a0:<\/p>\n<p>\u2013 fragilt\u00e9 psychologique,\u00a0 questionnement identitaire, isolement, d\u00e9pression,<\/p>\n<p>\u2013 troubles de l\u2019attachement, difficult\u00e9s d\u2019autonomisation,<\/p>\n<p>\u2013 jeunes ayant d\u00e9velopp\u00e9 une phobie scolaire ou sociale<\/p>\n<p>&#8211; hyperactivit\u00e9<\/p>\n<p>&#8211; probl\u00e8mes relationnels avec les parents<\/p>\n<p>&#8211; col\u00e8res, agressivit\u00e9<\/p>\n<p><i>&#8211;<\/i>Enfant \u00e0 hauts potentiels en difficult\u00e9s : ennui scolaire, \u00e9chec scolaire et d\u00e9crochage scolaire, anxi\u00e9t\u00e9<\/p>\n<p>-Enfant TDA\/H : difficult\u00e9s d&rsquo;adaptation sociale et scolaire li\u00e9e \u00e0 l&rsquo;impulsivit\u00e9 et aux troubles d&rsquo;inattention.<\/p>\n<p><strong>Cabinet Dumon<\/strong><br \/>\nConsultations d&rsquo;aide\u00a0 \u00e0 Woluwe-Saint-Pierre (<a href=\"http:\/\/psycho-dumon.be\/?page_id=111\">psychologues<\/a>, <a href=\"http:\/\/psycho-dumon.be\/?page_id=113\">logop\u00e8des<\/a>,&#8230;)<br \/>\nRue Fran\u00e7ois Vander Elst, 79<br \/>\n1150 Bruxelles (Woluw\u00e9 Saint-Pierre)<\/p>\n<div  class='avia-button-wrap avia-button-left  avia-builder-el-0  avia-builder-el-no-sibling ' ><a href='https:\/\/psycho-dumon.be\/?page_id=14'  class='avia-button  avia-color-theme-color   avia-icon_select-no avia-size-medium avia-position-left '  target=\"_blank\"  rel=\"noopener noreferrer\"  ><span class='avia_iconbox_title' >Contact et prise de rendez-vous<\/span><\/a><\/div>\n","protected":false},"excerpt":{"rendered":"<p>Th\u00e9rapie pour enfants et adolescents par un psychologue sp\u00e9cialis\u00e9 Contact:\u00a0\u2013\u00a0Mme Laura Lamot,\u00a0psychologue clincienne et psychoth\u00e9rapeute:\u00a00473\/397.897 Accompagnement des enfants et adolescents confront\u00e9s \u00e0 des multiples difficult\u00e9s\u00a0: \u2013 fragilt\u00e9 psychologique,\u00a0 questionnement identitaire, isolement, d\u00e9pression, \u2013 troubles de l\u2019attachement, difficult\u00e9s d\u2019autonomisation, \u2013 jeunes ayant d\u00e9velopp\u00e9 une phobie scolaire ou sociale &#8211; hyperactivit\u00e9 &#8211; probl\u00e8mes relationnels avec les parents [&hellip;]<\/p>\n","protected":false},"author":1,"featured_media":1275,"parent":0,"menu_order":0,"comment_status":"closed","ping_status":"open","template":"","meta":[],"_links":{"self":[{"href":"https:\/\/psycho-dumon.be\/index.php?rest_route=\/wp\/v2\/pages\/818"}],"collection":[{"href":"https:\/\/psycho-dumon.be\/index.php?rest_route=\/wp\/v2\/pages"}],"about":[{"href":"https:\/\/psycho-dumon.be\/index.php?rest_route=\/wp\/v2\/types\/page"}],"author":[{"embeddable":true,"href":"https:\/\/psycho-dumon.be\/index.php?rest_route=\/wp\/v2\/users\/1"}],"replies":[{"embeddable":true,"href":"https:\/\/psycho-dumon.be\/index.php?rest_route=%2Fwp%2Fv2%2Fcomments&post=818"}],"version-history":[{"count":7,"href":"https:\/\/psycho-dumon.be\/index.php?rest_route=\/wp\/v2\/pages\/818\/revisions"}],"predecessor-version":[{"id":1349,"href":"https:\/\/psycho-dumon.be\/index.php?rest_route=\/wp\/v2\/pages\/818\/revisions\/1349"}],"wp:featuredmedia":[{"embeddable":true,"href":"https:\/\/psycho-dumon.be\/index.php?rest_route=\/wp\/v2\/media\/1275"}],"wp:attachment":[{"href":"https:\/\/psycho-dumon.be\/index.php?rest_route=%2Fwp%2Fv2%2Fmedia&parent=818"}],"curies":[{"name":"wp","href":"https:\/\/api.w.org\/{rel}","templated":true}]}}