{"id":824,"date":"2018-05-08T20:04:20","date_gmt":"2018-05-08T19:04:20","guid":{"rendered":"http:\/\/psycho-dumon.be\/?page_id=824"},"modified":"2023-07-16T09:58:43","modified_gmt":"2023-07-16T08:58:43","slug":"consultations-psychologiques-pour-adolescents","status":"publish","type":"page","link":"https:\/\/psycho-dumon.be\/?page_id=824","title":{"rendered":"Psychologues pour adolescents\/jeunes adultes"},"content":{"rendered":"<p>Nous recevons des adolescents et jeunes adultes confront\u00e9s \u00e0 diverses difficult\u00e9s.<\/p>\n<p>Contact:<\/p>\n<p><a href=\"https:\/\/psycho-dumon.be\/?page_id=665\"> Manuel Dupuis, psychologue clinicien<\/a>: 0486 68 84 46<\/p>\n<p><a href=\"https:\/\/psycho-dumon.be\/?page_id=839\">Mme Laura Lamot,\u00a0psychologue clincienne<\/a>:\u00a0<i>0473\/397.897<\/i><\/p>\n<p><a href=\"https:\/\/psycho-dumon.be\/?page_id=708\">Tamara Knecht, psychologue clinicienne<\/a> (jeunes adultes): 0483 00 32\u00a039<\/p>\n<p><strong>Cabinet Dumon<\/strong><br \/>\nConsultations d&rsquo;aide\u00a0 \u00e0 Woluwe-Saint-Pierre (<a href=\"http:\/\/psycho-dumon.be\/?page_id=111\">psychologues<\/a>, <a href=\"http:\/\/psycho-dumon.be\/?page_id=113\">logop\u00e8des<\/a>,&#8230;)<br \/>\nRue Fran\u00e7ois Vander Elst, 79<br \/>\n1150 Bruxelles (Woluw\u00e9 Saint-Pierre)<\/p>\n<div  class='avia-button-wrap avia-button-left  avia-builder-el-0  avia-builder-el-no-sibling ' ><a href='https:\/\/psycho-dumon.be\/?page_id=14'  class='avia-button  avia-color-theme-color   avia-icon_select-no avia-size-medium avia-position-left '  target=\"_blank\"  rel=\"noopener noreferrer\"  ><span class='avia_iconbox_title' >Contact et prise de rendez-vous<\/span><\/a><\/div>\n","protected":false},"excerpt":{"rendered":"<p>Nous recevons des adolescents et jeunes adultes confront\u00e9s \u00e0 diverses difficult\u00e9s. Contact: Manuel Dupuis, psychologue clinicien: 0486 68 84 46 Mme Laura Lamot,\u00a0psychologue clincienne:\u00a00473\/397.897 Tamara Knecht, psychologue clinicienne (jeunes adultes): 0483 00 32\u00a039 Cabinet Dumon Consultations d&rsquo;aide\u00a0 \u00e0 Woluwe-Saint-Pierre (psychologues, logop\u00e8des,&#8230;) Rue Fran\u00e7ois Vander Elst, 79 1150 Bruxelles (Woluw\u00e9 Saint-Pierre)<\/p>\n","protected":false},"author":1,"featured_media":0,"parent":0,"menu_order":0,"comment_status":"closed","ping_status":"open","template":"","meta":[],"_links":{"self":[{"href":"https:\/\/psycho-dumon.be\/index.php?rest_route=\/wp\/v2\/pages\/824"}],"collection":[{"href":"https:\/\/psycho-dumon.be\/index.php?rest_route=\/wp\/v2\/pages"}],"about":[{"href":"https:\/\/psycho-dumon.be\/index.php?rest_route=\/wp\/v2\/types\/page"}],"author":[{"embeddable":true,"href":"https:\/\/psycho-dumon.be\/index.php?rest_route=\/wp\/v2\/users\/1"}],"replies":[{"embeddable":true,"href":"https:\/\/psycho-dumon.be\/index.php?rest_route=%2Fwp%2Fv2%2Fcomments&post=824"}],"version-history":[{"count":7,"href":"https:\/\/psycho-dumon.be\/index.php?rest_route=\/wp\/v2\/pages\/824\/revisions"}],"predecessor-version":[{"id":1472,"href":"https:\/\/psycho-dumon.be\/index.php?rest_route=\/wp\/v2\/pages\/824\/revisions\/1472"}],"wp:attachment":[{"href":"https:\/\/psycho-dumon.be\/index.php?rest_route=%2Fwp%2Fv2%2Fmedia&parent=824"}],"curies":[{"name":"wp","href":"https:\/\/api.w.org\/{rel}","templated":true}]}}