{"id":839,"date":"2018-05-09T22:39:47","date_gmt":"2018-05-09T21:39:47","guid":{"rendered":"http:\/\/psycho-dumon.be\/?page_id=839"},"modified":"2025-11-19T09:02:10","modified_gmt":"2025-11-19T08:02:10","slug":"laura-lamot-psychologue-clinicienne-et-psychotherapeute","status":"publish","type":"page","link":"https:\/\/psycho-dumon.be\/?page_id=839","title":{"rendered":"Laura Lamot, psychologue clinicienne et psychoth\u00e9rapeute"},"content":{"rendered":"<p><strong>\u00a0Public<\/strong> : Enfants, adolescents, adultes, parents ( fran\u00e7ais et anglais)<\/p>\n<p><strong>Contact<\/strong> : <strong>0475\/ 95 16 25<\/strong><\/p>\n<p>Psychologue clinicienne orient\u00e9e TCC, ma pratique s&rsquo;axe notamment dans les troubles anxieux; tels les troubles agoraphobes (avec ou sans attaques de panique), anxi\u00e9t\u00e9 g\u00e9n\u00e9ralis\u00e9, Troubles Obsessionnels Compulsifs, l&rsquo;anxi\u00e9t\u00e9 sociale, le syndrome de stress post-traumatique,&#8230; Je prends en charge ces divers troubles via diff\u00e9rentes m\u00e9thodes; analyse holistique et comportementale s&rsquo;op\u00e9rant \u00e0 mesure du d\u00e9roulement l&rsquo;entretien ( qu&rsquo;il soit clinique ou motivationnel), de la restructuration cognitive et technique d&rsquo;exposition syst\u00e9matique et de d\u00e9sensibilisation. En parall\u00e8le, je suis form\u00e9e \u00e0 l&rsquo;EMDR qui est une autre technique de d\u00e9sensibilisation, notamment des \u00e9pisodes de stress post-traumatiques, ainsi qu&rsquo;\u00e0 l&rsquo;hypnose.<\/p>\n","protected":false},"excerpt":{"rendered":"<p>\u00a0Public : Enfants, adolescents, adultes, parents ( fran\u00e7ais et anglais) Contact : 0475\/ 95 16 25 Psychologue clinicienne orient\u00e9e TCC, ma pratique s&rsquo;axe notamment dans les troubles anxieux; tels les troubles agoraphobes (avec ou sans attaques de panique), anxi\u00e9t\u00e9 g\u00e9n\u00e9ralis\u00e9, Troubles Obsessionnels Compulsifs, l&rsquo;anxi\u00e9t\u00e9 sociale, le syndrome de stress post-traumatique,&#8230; Je prends en charge ces [&hellip;]<\/p>\n","protected":false},"author":1,"featured_media":0,"parent":0,"menu_order":0,"comment_status":"closed","ping_status":"open","template":"","meta":[],"_links":{"self":[{"href":"https:\/\/psycho-dumon.be\/index.php?rest_route=\/wp\/v2\/pages\/839"}],"collection":[{"href":"https:\/\/psycho-dumon.be\/index.php?rest_route=\/wp\/v2\/pages"}],"about":[{"href":"https:\/\/psycho-dumon.be\/index.php?rest_route=\/wp\/v2\/types\/page"}],"author":[{"embeddable":true,"href":"https:\/\/psycho-dumon.be\/index.php?rest_route=\/wp\/v2\/users\/1"}],"replies":[{"embeddable":true,"href":"https:\/\/psycho-dumon.be\/index.php?rest_route=%2Fwp%2Fv2%2Fcomments&post=839"}],"version-history":[{"count":5,"href":"https:\/\/psycho-dumon.be\/index.php?rest_route=\/wp\/v2\/pages\/839\/revisions"}],"predecessor-version":[{"id":1548,"href":"https:\/\/psycho-dumon.be\/index.php?rest_route=\/wp\/v2\/pages\/839\/revisions\/1548"}],"wp:attachment":[{"href":"https:\/\/psycho-dumon.be\/index.php?rest_route=%2Fwp%2Fv2%2Fmedia&parent=839"}],"curies":[{"name":"wp","href":"https:\/\/api.w.org\/{rel}","templated":true}]}}