{"id":84,"date":"2015-06-22T16:35:05","date_gmt":"2015-06-22T15:35:05","guid":{"rendered":"http:\/\/psycho-dumon.be\/?page_id=84"},"modified":"2022-08-10T19:02:19","modified_gmt":"2022-08-10T18:02:19","slug":"psychotherapie-adulte","status":"publish","type":"page","link":"https:\/\/psycho-dumon.be\/?page_id=84","title":{"rendered":"Consultations psychologiques adultes"},"content":{"rendered":"<p><strong>Consultations<\/strong>\u00a0<strong>psychologiques<\/strong>\u00a0en individuel : pour des difficult\u00e9s de couple ou familiales, difficult\u00e9s relationnelles, solitude,\u00a0des probl\u00e8mes d&rsquo;anxi\u00e9t\u00e9, de stress, de burn-out, de d\u00e9pression, de deuil,\u00a0de d\u00e9pendance, difficult\u00e9s autour de la grossesse et la naissance&#8230;<\/p>\n<p>Tous\u00a0nos psychologues sont agr\u00e9\u00e9s par la Commission des Psychologues de Belgique et sont psychologue clinicien:<\/p>\n<p><a href=\"http:\/\/psycho-dumon.be\/?page_id=839\">Laura Lamot, psychologue et psychoth\u00e9rapeute<\/a>:\u00a0consultations adultes et enfants (fran\u00e7ais\/anglais)<\/p>\n<p><a title=\"Manuel Dupuis psychologue et psychoth\u00e9rapeute\" href=\"http:\/\/psycho-dumon.be\/?page_id=665\">Manuel Dupuis, psychologue clinicien et psychoth\u00e9rapeute<\/a>:\u00a0consultations adultes, ado, enfants (fran\u00e7ais\/anglais)<\/p>\n<p><a href=\"http:\/\/psycho-dumon.be\/?page_id=708\">Tamara Knecht, psychologue clinicienne et psychoth\u00e9rapeute<\/a>:\u00a0consultations adultes (fran\u00e7ais\/allemand\/anglais)<\/p>\n<p><strong>Cabinet Dumon<\/strong><br \/>\nConsultations d&rsquo;aide\u00a0 \u00e0 Woluwe-Saint-Pierre<br \/>\nRue Fran\u00e7ois Vander Elst, 79<br \/>\n1150 Bruxelles (Woluw\u00e9 Saint-Pierre)<\/p>\n<div  class='avia-button-wrap avia-button-left  avia-builder-el-0  avia-builder-el-no-sibling ' ><a href='https:\/\/psycho-dumon.be\/?page_id=14'  class='avia-button  avia-color-theme-color   avia-icon_select-no avia-size-medium avia-position-left '  target=\"_blank\"  rel=\"noopener noreferrer\"  ><span class='avia_iconbox_title' >Contact et prise de rendez-vous<\/span><\/a><\/div>\n","protected":false},"excerpt":{"rendered":"<p>Consultations\u00a0psychologiques\u00a0en individuel : pour des difficult\u00e9s de couple ou familiales, difficult\u00e9s relationnelles, solitude,\u00a0des probl\u00e8mes d&rsquo;anxi\u00e9t\u00e9, de stress, de burn-out, de d\u00e9pression, de deuil,\u00a0de d\u00e9pendance, difficult\u00e9s autour de la grossesse et la naissance&#8230; Tous\u00a0nos psychologues sont agr\u00e9\u00e9s par la Commission des Psychologues de Belgique et sont psychologue clinicien: Laura Lamot, psychologue et psychoth\u00e9rapeute:\u00a0consultations adultes et enfants [&hellip;]<\/p>\n","protected":false},"author":1,"featured_media":0,"parent":0,"menu_order":0,"comment_status":"closed","ping_status":"open","template":"","meta":[],"_links":{"self":[{"href":"https:\/\/psycho-dumon.be\/index.php?rest_route=\/wp\/v2\/pages\/84"}],"collection":[{"href":"https:\/\/psycho-dumon.be\/index.php?rest_route=\/wp\/v2\/pages"}],"about":[{"href":"https:\/\/psycho-dumon.be\/index.php?rest_route=\/wp\/v2\/types\/page"}],"author":[{"embeddable":true,"href":"https:\/\/psycho-dumon.be\/index.php?rest_route=\/wp\/v2\/users\/1"}],"replies":[{"embeddable":true,"href":"https:\/\/psycho-dumon.be\/index.php?rest_route=%2Fwp%2Fv2%2Fcomments&post=84"}],"version-history":[{"count":34,"href":"https:\/\/psycho-dumon.be\/index.php?rest_route=\/wp\/v2\/pages\/84\/revisions"}],"predecessor-version":[{"id":1422,"href":"https:\/\/psycho-dumon.be\/index.php?rest_route=\/wp\/v2\/pages\/84\/revisions\/1422"}],"wp:attachment":[{"href":"https:\/\/psycho-dumon.be\/index.php?rest_route=%2Fwp%2Fv2%2Fmedia&parent=84"}],"curies":[{"name":"wp","href":"https:\/\/api.w.org\/{rel}","templated":true}]}}