{"id":90,"date":"2015-06-22T16:36:18","date_gmt":"2015-06-22T15:36:18","guid":{"rendered":"http:\/\/psycho-dumon.be\/?page_id=90"},"modified":"2019-12-05T09:40:34","modified_gmt":"2019-12-05T08:40:34","slug":"logopedie","status":"publish","type":"page","link":"https:\/\/psycho-dumon.be\/?page_id=90","title":{"rendered":"Logop\u00e9die"},"content":{"rendered":"<p><strong>\u00a0! Actuellement, nous recherchons une logop\u00e8de et ne pouvons r\u00e9pondre aux demandes.<\/strong><\/p>\n<p>Consultations de logop\u00e9die pour enfants , par<a href=\"http:\/\/psycho-dumon.be\/?page_id=113\"> logop\u00e8de<\/a> sp\u00e9cialis\u00e9<\/p>\n<p>&nbsp;<\/p>\n<p>* Prise en charge de divers probl\u00e8mes\u00a0 :<\/p>\n<p>&#8211; retards de langage oral et de parole,<\/p>\n<p>&#8211; les troubles du langage de type \u00ab\u00a0dysphasie\u00a0\u00bb,<\/p>\n<p>&#8211; les troubles du langage \u00e9crit (dyslexie\/dysorthographie), a<\/p>\n<p>&#8211; les troubles myofonctionnels.<\/p>\n<p>*Stimulation auditive avec les enfants atteints de difficult\u00e9s d\u2019audition centrale.<\/p>\n","protected":false},"excerpt":{"rendered":"<p>\u00a0! Actuellement, nous recherchons une logop\u00e8de et ne pouvons r\u00e9pondre aux demandes. Consultations de logop\u00e9die pour enfants , par logop\u00e8de sp\u00e9cialis\u00e9 &nbsp; * Prise en charge de divers probl\u00e8mes\u00a0 : &#8211; retards de langage oral et de parole, &#8211; les troubles du langage de type \u00ab\u00a0dysphasie\u00a0\u00bb, &#8211; les troubles du langage \u00e9crit (dyslexie\/dysorthographie), a &#8211; [&hellip;]<\/p>\n","protected":false},"author":1,"featured_media":0,"parent":0,"menu_order":0,"comment_status":"closed","ping_status":"open","template":"","meta":[],"_links":{"self":[{"href":"https:\/\/psycho-dumon.be\/index.php?rest_route=\/wp\/v2\/pages\/90"}],"collection":[{"href":"https:\/\/psycho-dumon.be\/index.php?rest_route=\/wp\/v2\/pages"}],"about":[{"href":"https:\/\/psycho-dumon.be\/index.php?rest_route=\/wp\/v2\/types\/page"}],"author":[{"embeddable":true,"href":"https:\/\/psycho-dumon.be\/index.php?rest_route=\/wp\/v2\/users\/1"}],"replies":[{"embeddable":true,"href":"https:\/\/psycho-dumon.be\/index.php?rest_route=%2Fwp%2Fv2%2Fcomments&post=90"}],"version-history":[{"count":18,"href":"https:\/\/psycho-dumon.be\/index.php?rest_route=\/wp\/v2\/pages\/90\/revisions"}],"predecessor-version":[{"id":997,"href":"https:\/\/psycho-dumon.be\/index.php?rest_route=\/wp\/v2\/pages\/90\/revisions\/997"}],"wp:attachment":[{"href":"https:\/\/psycho-dumon.be\/index.php?rest_route=%2Fwp%2Fv2%2Fmedia&parent=90"}],"curies":[{"name":"wp","href":"https:\/\/api.w.org\/{rel}","templated":true}]}}