{"id":96,"date":"2015-06-22T16:38:48","date_gmt":"2015-06-22T15:38:48","guid":{"rendered":"http:\/\/psycho-dumon.be\/?page_id=96"},"modified":"2023-11-17T12:15:39","modified_gmt":"2023-11-17T11:15:39","slug":"supervision","status":"publish","type":"page","link":"https:\/\/psycho-dumon.be\/?page_id=96","title":{"rendered":"Supervisions cliniques et d&rsquo;\u00e9quipes"},"content":{"rendered":"<p><strong>Supervisions individuelles et d&rsquo;\u00e9quipes<\/strong><\/p>\n<p>pour travailleurs du secteur psycho-m\u00e9dico-social (psychologues, assistants sociaux, m\u00e9decins, \u00e9ducateurs, infirmiers psychiatriques,&#8230;) et equipes psycho-m\u00e9dico-sociales<\/p>\n<p>&#8211; Supervisions pour des questions d&rsquo;ordre institutionnelles: probl\u00e8mes relationnels, institutionnels, communication, assertivit\u00e9, place dans l&rsquo;\u00e9quipe, harc\u00e8lement, violence psychologique, mal-\u00eatre au travail, burn-out,&#8230;<\/p>\n<p>&#8211; Supervision clinique: supervision autour de situations rencontr\u00e9es avec vos patients, d\u00e9veloppement de votre approche de travail<\/p>\n<p><strong>\u00a0Superviseurs:<\/strong><\/p>\n<p>&#8211; Professeur Alex Lefebvre, psychologue clinicien et superviseur:\u00a0 alefebv@ulb.ac.be 0475 22 98 71<\/p>\n<p>&#8211; Manuel Dupuis, psychologue clinicien: 0486 68 84 46<\/p>\n<p>&#8211; Tamara Knecht\u00a0 psychologue clinicienne 0483 00 32 39<\/p>\n<div id=\"optionmailtomailTo\" style=\"z-index: 1;\">\n<div id=\"optionmailtocontentPopup\">\n<div id=\"optionmailtotoPopup\"><\/div>\n<div id=\"optionmailtomodalQuestionMailTo\"><\/div>\n<\/div>\n<\/div>\n","protected":false},"excerpt":{"rendered":"<p>Supervisions individuelles et d&rsquo;\u00e9quipes pour travailleurs du secteur psycho-m\u00e9dico-social (psychologues, assistants sociaux, m\u00e9decins, \u00e9ducateurs, infirmiers psychiatriques,&#8230;) et equipes psycho-m\u00e9dico-sociales &#8211; Supervisions pour des questions d&rsquo;ordre institutionnelles: probl\u00e8mes relationnels, institutionnels, communication, assertivit\u00e9, place dans l&rsquo;\u00e9quipe, harc\u00e8lement, violence psychologique, mal-\u00eatre au travail, burn-out,&#8230; &#8211; Supervision clinique: supervision autour de situations rencontr\u00e9es avec vos patients, d\u00e9veloppement de votre [&hellip;]<\/p>\n","protected":false},"author":1,"featured_media":0,"parent":0,"menu_order":0,"comment_status":"closed","ping_status":"open","template":"","meta":[],"_links":{"self":[{"href":"https:\/\/psycho-dumon.be\/index.php?rest_route=\/wp\/v2\/pages\/96"}],"collection":[{"href":"https:\/\/psycho-dumon.be\/index.php?rest_route=\/wp\/v2\/pages"}],"about":[{"href":"https:\/\/psycho-dumon.be\/index.php?rest_route=\/wp\/v2\/types\/page"}],"author":[{"embeddable":true,"href":"https:\/\/psycho-dumon.be\/index.php?rest_route=\/wp\/v2\/users\/1"}],"replies":[{"embeddable":true,"href":"https:\/\/psycho-dumon.be\/index.php?rest_route=%2Fwp%2Fv2%2Fcomments&post=96"}],"version-history":[{"count":12,"href":"https:\/\/psycho-dumon.be\/index.php?rest_route=\/wp\/v2\/pages\/96\/revisions"}],"predecessor-version":[{"id":1496,"href":"https:\/\/psycho-dumon.be\/index.php?rest_route=\/wp\/v2\/pages\/96\/revisions\/1496"}],"wp:attachment":[{"href":"https:\/\/psycho-dumon.be\/index.php?rest_route=%2Fwp%2Fv2%2Fmedia&parent=96"}],"curies":[{"name":"wp","href":"https:\/\/api.w.org\/{rel}","templated":true}]}}