{"id":968,"date":"2019-09-18T21:19:19","date_gmt":"2019-09-18T20:19:19","guid":{"rendered":"http:\/\/psycho-dumon.be\/?page_id=968"},"modified":"2019-09-18T21:25:06","modified_gmt":"2019-09-18T20:25:06","slug":"dietetique","status":"publish","type":"page","link":"https:\/\/psycho-dumon.be\/?page_id=968","title":{"rendered":"Di\u00e9t\u00e9tique"},"content":{"rendered":"<h1 class=\"entry-title\"><\/h1>\n<div class=\"entry-content\">\n<p>\u2013 Envie de <strong>changement<\/strong>, de se reprendre en main ?<\/p>\n<p>\u2013 Envie d\u2019\u00e9quilibrer son\u00a0<strong>alimentation<\/strong>?<\/p>\n<p>\u2013 <strong>Suivi<\/strong>\u00a0d\u2019une nouvelle ou ancienne pathologie ?<\/p>\n<p>\u2013 Am\u00e9liorer ses\u00a0<strong>performances sportives<\/strong>\u00a0?<\/p>\n<p>\u200b<\/p>\n<p><strong>Pour toutes prises de rendez-vous<\/strong>: <strong>J\u00e9r\u00e9my Reygaerts, di\u00e9t\u00e9ticien aggr\u00e9\u00e9 INAMI<\/strong><\/p>\n<p>envoyer mail \u00e0<strong>\u00a0<\/strong><a class=\"Yh1nIb asUmFb AL18ce\" href=\"mailto:reygaerts.diet@gmail.com\" target=\"_blank\" data-tooltip=\"Informations issues de votre profil Google\" data-tooltip-position=\"top\">reygaerts.diet@gmail.com<\/a><\/p>\n<p>ou t\u00e9l\u00e9phoner au\u00a0<strong>0499 82 48 19<\/strong><\/p>\n<p>&nbsp;<\/p>\n<h2><strong>Comp\u00e9tences<\/strong><\/h2>\n<p>&nbsp;<\/p>\n<p><strong>R\u00e9\u00e9quilibrage alimentaire<\/strong><\/p>\n<p><strong>Perte de poids<\/strong><\/p>\n<p><strong>Alimentation destin\u00e9e aux sportifs<\/strong><\/p>\n<p><strong>V\u00e9g\u00e9tarien(ne) \/ V\u00e9g\u00e9talien(ne)<\/strong><\/p>\n<p><strong>Allergies ou Intol\u00e9rances alimentaires<\/strong><\/p>\n<p><strong>Diab\u00e8tes type I ou II<\/strong><\/p>\n<p><strong>Alimentation de l\u2019enfant<\/strong><\/p>\n<p><strong>Alimentation de l\u2019adolescent<\/strong><\/p>\n<p><strong>Troubles digestifs<\/strong><\/p>\n<\/div>\n","protected":false},"excerpt":{"rendered":"<p>\u2013 Envie de changement, de se reprendre en main ? \u2013 Envie d\u2019\u00e9quilibrer son\u00a0alimentation? \u2013 Suivi\u00a0d\u2019une nouvelle ou ancienne pathologie ? \u2013 Am\u00e9liorer ses\u00a0performances sportives\u00a0? \u200b Pour toutes prises de rendez-vous: J\u00e9r\u00e9my Reygaerts, di\u00e9t\u00e9ticien aggr\u00e9\u00e9 INAMI envoyer mail \u00e0\u00a0reygaerts.diet@gmail.com ou t\u00e9l\u00e9phoner au\u00a00499 82 48 19 &nbsp; Comp\u00e9tences &nbsp; R\u00e9\u00e9quilibrage alimentaire Perte de poids Alimentation destin\u00e9e [&hellip;]<\/p>\n","protected":false},"author":1,"featured_media":0,"parent":0,"menu_order":0,"comment_status":"closed","ping_status":"open","template":"","meta":[],"_links":{"self":[{"href":"https:\/\/psycho-dumon.be\/index.php?rest_route=\/wp\/v2\/pages\/968"}],"collection":[{"href":"https:\/\/psycho-dumon.be\/index.php?rest_route=\/wp\/v2\/pages"}],"about":[{"href":"https:\/\/psycho-dumon.be\/index.php?rest_route=\/wp\/v2\/types\/page"}],"author":[{"embeddable":true,"href":"https:\/\/psycho-dumon.be\/index.php?rest_route=\/wp\/v2\/users\/1"}],"replies":[{"embeddable":true,"href":"https:\/\/psycho-dumon.be\/index.php?rest_route=%2Fwp%2Fv2%2Fcomments&post=968"}],"version-history":[{"count":5,"href":"https:\/\/psycho-dumon.be\/index.php?rest_route=\/wp\/v2\/pages\/968\/revisions"}],"predecessor-version":[{"id":976,"href":"https:\/\/psycho-dumon.be\/index.php?rest_route=\/wp\/v2\/pages\/968\/revisions\/976"}],"wp:attachment":[{"href":"https:\/\/psycho-dumon.be\/index.php?rest_route=%2Fwp%2Fv2%2Fmedia&parent=968"}],"curies":[{"name":"wp","href":"https:\/\/api.w.org\/{rel}","templated":true}]}}