{"id":98,"date":"2015-06-22T16:39:23","date_gmt":"2015-06-22T15:39:23","guid":{"rendered":"http:\/\/psycho-dumon.be\/?page_id=98"},"modified":"2021-01-11T19:07:08","modified_gmt":"2021-01-11T18:07:08","slug":"intervisions","status":"publish","type":"page","link":"https:\/\/psycho-dumon.be\/?page_id=98","title":{"rendered":"Intervisions"},"content":{"rendered":"<p>Nous organisons des intervisions de mani\u00e8re occasionnelle, pour des professionnels ayant une pratique clinique. Si vous \u00eates int\u00e9ress\u00e9s, vous pouvez nous contacter par mail.<\/p>\n","protected":false},"excerpt":{"rendered":"<p>Nous organisons des intervisions de mani\u00e8re occasionnelle, pour des professionnels ayant une pratique clinique. Si vous \u00eates int\u00e9ress\u00e9s, vous pouvez nous contacter par mail.<\/p>\n","protected":false},"author":1,"featured_media":0,"parent":0,"menu_order":0,"comment_status":"closed","ping_status":"open","template":"","meta":[],"_links":{"self":[{"href":"https:\/\/psycho-dumon.be\/index.php?rest_route=\/wp\/v2\/pages\/98"}],"collection":[{"href":"https:\/\/psycho-dumon.be\/index.php?rest_route=\/wp\/v2\/pages"}],"about":[{"href":"https:\/\/psycho-dumon.be\/index.php?rest_route=\/wp\/v2\/types\/page"}],"author":[{"embeddable":true,"href":"https:\/\/psycho-dumon.be\/index.php?rest_route=\/wp\/v2\/users\/1"}],"replies":[{"embeddable":true,"href":"https:\/\/psycho-dumon.be\/index.php?rest_route=%2Fwp%2Fv2%2Fcomments&post=98"}],"version-history":[{"count":4,"href":"https:\/\/psycho-dumon.be\/index.php?rest_route=\/wp\/v2\/pages\/98\/revisions"}],"predecessor-version":[{"id":1157,"href":"https:\/\/psycho-dumon.be\/index.php?rest_route=\/wp\/v2\/pages\/98\/revisions\/1157"}],"wp:attachment":[{"href":"https:\/\/psycho-dumon.be\/index.php?rest_route=%2Fwp%2Fv2%2Fmedia&parent=98"}],"curies":[{"name":"wp","href":"https:\/\/api.w.org\/{rel}","templated":true}]}}